{"id":388,"date":"2019-04-10T09:16:43","date_gmt":"2019-04-10T06:16:43","guid":{"rendered":"http:\/\/31.217.192.81\/~rukaneli\/?page_id=388"},"modified":"2019-10-12T00:31:54","modified_gmt":"2019-10-11T21:31:54","slug":"deals","status":"publish","type":"page","link":"https:\/\/rukanelio.fi\/en\/deals\/","title":{"rendered":"Deals"},"content":{"rendered":"<div class=\"wpb-content-wrapper\"><p>[vc_row css=&#8221;.vc_custom_1554816708963{padding-top: 30px !important;padding-bottom: 30px !important;}&#8221;][vc_column][vc_column_text]<\/p>\n<h1 style=\"text-align: center;\">Special offers<\/h1>\n<p style=\"text-align: center;\">Offers are available only at email reservation !<\/p>\n<p>[\/vc_column_text][\/vc_column][\/vc_row][vc_row][vc_column][vc_separator][\/vc_column][\/vc_row][vc_row][vc_column width=&#8221;1\/3&#8243;][vc_column_text]<\/p>\n<h3 style=\"text-align: center;\">RukaNeli\u00f6 3<\/h3>\n<h3 style=\"text-align: center;\">No deals at this time<\/h3>\n<p>[\/vc_column_text][\/vc_column][vc_column width=&#8221;1\/3&#8243;][vc_column_text]<\/p>\n<h3 style=\"text-align: center;\"><\/h3>\n<h3 style=\"text-align: center;\"><\/h3>\n<p>[\/vc_column_text][\/vc_column][vc_column width=&#8221;1\/3&#8243;][vc_single_image image=&#8221;280&#8243; alignment=&#8221;center&#8221;][\/vc_column][\/vc_row][vc_row][vc_column width=&#8221;1\/3&#8243;][vc_column_text]<\/p>\n<h3 style=\"text-align: center;\">Soukkelomukka 6<\/h3>\n<h3 style=\"text-align: center;\">No deals at this time<\/h3>\n<p>[\/vc_column_text][\/vc_column][vc_column width=&#8221;1\/3&#8243;][vc_column_text][\/vc_column_text][\/vc_column][vc_column width=&#8221;1\/3&#8243;][vc_single_image image=&#8221;317&#8243; alignment=&#8221;center&#8221;][\/vc_column][\/vc_row][vc_row][vc_column][vc_empty_space][\/vc_column][\/vc_row]<\/p>\n<\/div>","protected":false},"excerpt":{"rendered":"<p>[vc_row css=&#8221;.vc_custom_1554816708963{padding-top: 30px !important;padding-bottom: 30px !important;}&#8221;][vc_column][vc_column_text] Special offers Offers are available only at email reservation ! [\/vc_column_text][\/vc_column][\/vc_row][vc_row][vc_column][vc_separator][\/vc_column][\/vc_row][vc_row][vc_column width=&#8221;1\/3&#8243;][vc_column_text] RukaNeli\u00f6 3 No deals at this time [\/vc_column_text][\/vc_column][vc_column<span class=\"excerpt-hellip\"> [\u2026]<\/span><\/p>\n","protected":false},"author":1,"featured_media":0,"parent":0,"menu_order":0,"comment_status":"closed","ping_status":"closed","template":"","meta":{"_monsterinsights_skip_tracking":false,"_monsterinsights_sitenote_active":false,"_monsterinsights_sitenote_note":"","_monsterinsights_sitenote_category":0,"footnotes":""},"class_list":["post-388","page","type-page","status-publish","hentry"],"yoast_head":"<!-- This site is optimized with the Yoast SEO plugin v27.5 - https:\/\/yoast.com\/product\/yoast-seo-wordpress\/ -->\n<title>Rukaneli\u00f6 | Vuokraa m\u00f6kki Rukalta | Rukaneli\u00f6 3 &amp; Soukkelomukka 6<\/title>\n<meta name=\"description\" content=\"RukaNeli\u00f6 3 Rukaj\u00e4rven alueella, upein Pyh\u00e4vaaran maisemin ja hyv\u00e4ll\u00e4 maulla sisustettu rauhoittava ja nautinnollinen vuonna 2010 valmistunut erillism\u00f6kki Kaartovaaran laella. Matkaa l\u00e4himm\u00e4lle rinteelle on noin 7 kilometri\u00e4 ja Rukan keskusaukiolle 8 kilometri\u00e4. Matkan varrelta l\u00f6ytyy my\u00f6s Golf-rata sek\u00e4 kalaisia Pyh\u00e4j\u00e4rvi.\" \/>\n<meta name=\"robots\" content=\"index, follow, max-snippet:-1, max-image-preview:large, max-video-preview:-1\" \/>\n<link rel=\"canonical\" href=\"https:\/\/rukanelio.fi\/en\/deals\/\" \/>\n<meta property=\"og:locale\" content=\"en_US\" \/>\n<meta property=\"og:type\" content=\"article\" \/>\n<meta property=\"og:title\" content=\"Rukaneli\u00f6 | Vuokraa m\u00f6kki Rukalta | Rukaneli\u00f6 3 &amp; Soukkelomukka 6\" \/>\n<meta property=\"og:description\" content=\"RukaNeli\u00f6 3 Rukaj\u00e4rven alueella, upein Pyh\u00e4vaaran maisemin ja hyv\u00e4ll\u00e4 maulla sisustettu rauhoittava ja nautinnollinen vuonna 2010 valmistunut erillism\u00f6kki Kaartovaaran laella. Matkaa l\u00e4himm\u00e4lle rinteelle on noin 7 kilometri\u00e4 ja Rukan keskusaukiolle 8 kilometri\u00e4. Matkan varrelta l\u00f6ytyy my\u00f6s Golf-rata sek\u00e4 kalaisia Pyh\u00e4j\u00e4rvi.\" \/>\n<meta property=\"og:url\" content=\"https:\/\/rukanelio.fi\/en\/deals\/\" \/>\n<meta property=\"og:site_name\" content=\"Rukaneli&ouml;\" \/>\n<meta property=\"article:modified_time\" content=\"2019-10-11T21:31:54+00:00\" \/>\n<meta name=\"twitter:card\" content=\"summary_large_image\" \/>\n<meta name=\"twitter:label1\" content=\"Est. reading time\" \/>\n\t<meta name=\"twitter:data1\" content=\"1 minute\" \/>\n<script type=\"application\/ld+json\" class=\"yoast-schema-graph\">{\"@context\":\"https:\\\/\\\/schema.org\",\"@graph\":[{\"@type\":\"WebPage\",\"@id\":\"https:\\\/\\\/rukanelio.fi\\\/en\\\/deals\\\/\",\"url\":\"https:\\\/\\\/rukanelio.fi\\\/en\\\/deals\\\/\",\"name\":\"Rukaneli\u00f6 | Vuokraa m\u00f6kki Rukalta | Rukaneli\u00f6 3 & Soukkelomukka 6\",\"isPartOf\":{\"@id\":\"https:\\\/\\\/rukanelio.fi\\\/#website\"},\"datePublished\":\"2019-04-10T06:16:43+00:00\",\"dateModified\":\"2019-10-11T21:31:54+00:00\",\"description\":\"RukaNeli\u00f6 3 Rukaj\u00e4rven alueella, upein Pyh\u00e4vaaran maisemin ja hyv\u00e4ll\u00e4 maulla sisustettu rauhoittava ja nautinnollinen vuonna 2010 valmistunut erillism\u00f6kki Kaartovaaran laella. Matkaa l\u00e4himm\u00e4lle rinteelle on noin 7 kilometri\u00e4 ja Rukan keskusaukiolle 8 kilometri\u00e4. Matkan varrelta l\u00f6ytyy my\u00f6s Golf-rata sek\u00e4 kalaisia Pyh\u00e4j\u00e4rvi.\",\"breadcrumb\":{\"@id\":\"https:\\\/\\\/rukanelio.fi\\\/en\\\/deals\\\/#breadcrumb\"},\"inLanguage\":\"en-US\",\"potentialAction\":[{\"@type\":\"ReadAction\",\"target\":[\"https:\\\/\\\/rukanelio.fi\\\/en\\\/deals\\\/\"]}]},{\"@type\":\"BreadcrumbList\",\"@id\":\"https:\\\/\\\/rukanelio.fi\\\/en\\\/deals\\\/#breadcrumb\",\"itemListElement\":[{\"@type\":\"ListItem\",\"position\":1,\"name\":\"Home\",\"item\":\"https:\\\/\\\/rukanelio.fi\\\/en\\\/\"},{\"@type\":\"ListItem\",\"position\":2,\"name\":\"Deals\"}]},{\"@type\":\"WebSite\",\"@id\":\"https:\\\/\\\/rukanelio.fi\\\/#website\",\"url\":\"https:\\\/\\\/rukanelio.fi\\\/\",\"name\":\"Rukaneli&ouml;\",\"description\":\"M&ouml;kki rukalta\",\"potentialAction\":[{\"@type\":\"SearchAction\",\"target\":{\"@type\":\"EntryPoint\",\"urlTemplate\":\"https:\\\/\\\/rukanelio.fi\\\/?s={search_term_string}\"},\"query-input\":{\"@type\":\"PropertyValueSpecification\",\"valueRequired\":true,\"valueName\":\"search_term_string\"}}],\"inLanguage\":\"en-US\"}]}<\/script>\n<!-- \/ Yoast SEO plugin. -->","yoast_head_json":{"title":"Rukaneli\u00f6 | Vuokraa m\u00f6kki Rukalta | Rukaneli\u00f6 3 & Soukkelomukka 6","description":"RukaNeli\u00f6 3 Rukaj\u00e4rven alueella, upein Pyh\u00e4vaaran maisemin ja hyv\u00e4ll\u00e4 maulla sisustettu rauhoittava ja nautinnollinen vuonna 2010 valmistunut erillism\u00f6kki Kaartovaaran laella. Matkaa l\u00e4himm\u00e4lle rinteelle on noin 7 kilometri\u00e4 ja Rukan keskusaukiolle 8 kilometri\u00e4. Matkan varrelta l\u00f6ytyy my\u00f6s Golf-rata sek\u00e4 kalaisia Pyh\u00e4j\u00e4rvi.","robots":{"index":"index","follow":"follow","max-snippet":"max-snippet:-1","max-image-preview":"max-image-preview:large","max-video-preview":"max-video-preview:-1"},"canonical":"https:\/\/rukanelio.fi\/en\/deals\/","og_locale":"en_US","og_type":"article","og_title":"Rukaneli\u00f6 | Vuokraa m\u00f6kki Rukalta | Rukaneli\u00f6 3 & Soukkelomukka 6","og_description":"RukaNeli\u00f6 3 Rukaj\u00e4rven alueella, upein Pyh\u00e4vaaran maisemin ja hyv\u00e4ll\u00e4 maulla sisustettu rauhoittava ja nautinnollinen vuonna 2010 valmistunut erillism\u00f6kki Kaartovaaran laella. Matkaa l\u00e4himm\u00e4lle rinteelle on noin 7 kilometri\u00e4 ja Rukan keskusaukiolle 8 kilometri\u00e4. Matkan varrelta l\u00f6ytyy my\u00f6s Golf-rata sek\u00e4 kalaisia Pyh\u00e4j\u00e4rvi.","og_url":"https:\/\/rukanelio.fi\/en\/deals\/","og_site_name":"Rukaneli&ouml;","article_modified_time":"2019-10-11T21:31:54+00:00","twitter_card":"summary_large_image","twitter_misc":{"Est. reading time":"1 minute"},"schema":{"@context":"https:\/\/schema.org","@graph":[{"@type":"WebPage","@id":"https:\/\/rukanelio.fi\/en\/deals\/","url":"https:\/\/rukanelio.fi\/en\/deals\/","name":"Rukaneli\u00f6 | Vuokraa m\u00f6kki Rukalta | Rukaneli\u00f6 3 & Soukkelomukka 6","isPartOf":{"@id":"https:\/\/rukanelio.fi\/#website"},"datePublished":"2019-04-10T06:16:43+00:00","dateModified":"2019-10-11T21:31:54+00:00","description":"RukaNeli\u00f6 3 Rukaj\u00e4rven alueella, upein Pyh\u00e4vaaran maisemin ja hyv\u00e4ll\u00e4 maulla sisustettu rauhoittava ja nautinnollinen vuonna 2010 valmistunut erillism\u00f6kki Kaartovaaran laella. Matkaa l\u00e4himm\u00e4lle rinteelle on noin 7 kilometri\u00e4 ja Rukan keskusaukiolle 8 kilometri\u00e4. Matkan varrelta l\u00f6ytyy my\u00f6s Golf-rata sek\u00e4 kalaisia Pyh\u00e4j\u00e4rvi.","breadcrumb":{"@id":"https:\/\/rukanelio.fi\/en\/deals\/#breadcrumb"},"inLanguage":"en-US","potentialAction":[{"@type":"ReadAction","target":["https:\/\/rukanelio.fi\/en\/deals\/"]}]},{"@type":"BreadcrumbList","@id":"https:\/\/rukanelio.fi\/en\/deals\/#breadcrumb","itemListElement":[{"@type":"ListItem","position":1,"name":"Home","item":"https:\/\/rukanelio.fi\/en\/"},{"@type":"ListItem","position":2,"name":"Deals"}]},{"@type":"WebSite","@id":"https:\/\/rukanelio.fi\/#website","url":"https:\/\/rukanelio.fi\/","name":"Rukaneli&ouml;","description":"M&ouml;kki rukalta","potentialAction":[{"@type":"SearchAction","target":{"@type":"EntryPoint","urlTemplate":"https:\/\/rukanelio.fi\/?s={search_term_string}"},"query-input":{"@type":"PropertyValueSpecification","valueRequired":true,"valueName":"search_term_string"}}],"inLanguage":"en-US"}]}},"_links":{"self":[{"href":"https:\/\/rukanelio.fi\/en\/wp-json\/wp\/v2\/pages\/388","targetHints":{"allow":["GET"]}}],"collection":[{"href":"https:\/\/rukanelio.fi\/en\/wp-json\/wp\/v2\/pages"}],"about":[{"href":"https:\/\/rukanelio.fi\/en\/wp-json\/wp\/v2\/types\/page"}],"author":[{"embeddable":true,"href":"https:\/\/rukanelio.fi\/en\/wp-json\/wp\/v2\/users\/1"}],"replies":[{"embeddable":true,"href":"https:\/\/rukanelio.fi\/en\/wp-json\/wp\/v2\/comments?post=388"}],"version-history":[{"count":12,"href":"https:\/\/rukanelio.fi\/en\/wp-json\/wp\/v2\/pages\/388\/revisions"}],"predecessor-version":[{"id":449,"href":"https:\/\/rukanelio.fi\/en\/wp-json\/wp\/v2\/pages\/388\/revisions\/449"}],"wp:attachment":[{"href":"https:\/\/rukanelio.fi\/en\/wp-json\/wp\/v2\/media?parent=388"}],"curies":[{"name":"wp","href":"https:\/\/api.w.org\/{rel}","templated":true}]}}