{"id":955,"date":"2018-12-03T10:43:11","date_gmt":"2018-12-03T08:43:11","guid":{"rendered":"https:\/\/rukanelio.fi\/yhteystiedot\/"},"modified":"2021-02-12T09:53:34","modified_gmt":"2021-02-12T07:53:34","slug":"kontakt","status":"publish","type":"page","link":"https:\/\/rukanelio.fi\/de\/kontakt\/","title":{"rendered":"Kontakt"},"content":{"rendered":"<div class=\"wpb-content-wrapper\"><p>[vc_row css=&#8220;.vc_custom_1554879470470{padding-top: 30px !important;}&#8220;][vc_column width=&#8220;1\/2&#8243;][vc_column_text]<\/p>\n<div class=\"vc_row wpb_row vc_inner vc_row-fluid ui-sortable\">\n<div class=\"vc_element vc_vc_column_inner vc_container-block vc_empty vc_col-sm-6\">\n<h2 class=\"auto-style3\">Reservierungen und Anfragen (nur auf Finnisch oder Englisch):<\/h2>\n<p class=\"auto-style3\">Marko Hallberg<br \/>\n+358 (0)45 128 1973<br \/>\nvaraukset(at)rukanelio.fi<\/p>\n<p>&nbsp;<\/p>\n<h2>Adressen<\/h2>\n<p><strong>Rukaneli\u00f6 3\u00a0<\/strong><br \/>\nSyrj\u00e4tie 6<br \/>\n93820 Rukatunturi<\/p>\n<p>&nbsp;<\/p>\n<p><strong>Soukkelomukka 6<\/strong><br \/>\nKelotie 1-3<br \/>\n93820 Rukatunturi<\/p>\n<\/div>\n<div class=\"vc_element vc_vc_column_inner vc_container-block vc_empty vc_col-sm-6\"><a class=\"btn\" href=\"https:\/\/rukanelio.joikubooking.com\/fi\" target=\"_blank\" rel=\"noopener noreferrer\">Miete dein M\u00f6kki hier<\/a><\/div>\n<\/div>\n<p>[\/vc_column_text][\/vc_column][vc_column width=&#8220;1\/2&#8243;][vc_column_text]<div id=\"wpgmza_map\" class=\"wpgmza_map\" data-settings='{\"id\":\"3\",\"map_title\":\"M\\u00f6kit\",\"map_width\":\"100\",\"map_height\":\"400\",\"map_start_lat\":\"66.126661\",\"map_start_lng\":\"29.231331\",\"map_start_location\":\"66.12666126596326,29.231331275146445\",\"map_start_zoom\":\"13\",\"default_marker\":\"0\",\"type\":\"1\",\"alignment\":\"1\",\"directions_enabled\":\"0\",\"styling_enabled\":\"0\",\"styling_json\":\"\",\"active\":\"0\",\"kml\":\"\",\"bicycle\":\"0\",\"traffic\":\"0\",\"dbox\":\"1\",\"dbox_width\":\"100\",\"listmarkers\":\"0\",\"listmarkers_advanced\":\"0\",\"filterbycat\":\"0\",\"ugm_enabled\":\"0\",\"ugm_category_enabled\":\"0\",\"fusion\":\"\",\"map_width_type\":\"\\\\%\",\"map_height_type\":\"px\",\"mass_marker_support\":\"0\",\"ugm_access\":\"0\",\"order_markers_by\":\"1\",\"order_markers_choice\":\"2\",\"show_user_location\":\"2\",\"default_to\":\"\",\"other_settings\":{\"store_locator_style\":\"legacy\",\"wpgmza_store_locator_radius_style\":\"legacy\",\"directions_box_style\":\"modern\",\"wpgmza_dbox_width_type\":\"%\",\"map_max_zoom\":\"3\",\"map_min_zoom\":\"21\",\"sl_stroke_color\":\"\",\"sl_stroke_opacity\":\"\",\"sl_fill_color\":\"\",\"sl_fill_opacity\":\"\",\"automatically_pan_to_users_location\":2,\"click_open_link\":2,\"hide_point_of_interest\":2,\"transport_layer\":0,\"iw_primary_color\":\"2A3744\",\"iw_accent_color\":\"252F3A\",\"iw_text_color\":\"FFFFFF\",\"wpgmza_iw_type\":\"0\",\"list_markers_by\":\"0\",\"push_in_map\":\"\",\"push_in_map_placement\":\"9\",\"wpgmza_push_in_map_width\":\"\",\"wpgmza_push_in_map_height\":\"\",\"wpgmza_theme_data\":\"\",\"upload_default_ul_marker\":\"\",\"upload_default_sl_marker\":\"\"}}' data-map-id='3' Data-maps-engine='google-maps' data-shortcode-attributes='{\"id\":\"3\"}' style=\"display:block; overflow:auto; width:100%; height:400px; float:left;\"><\/div>[\/vc_column_text][\/vc_column][\/vc_row]<\/p>\n<\/div>","protected":false},"excerpt":{"rendered":"<p>[vc_row css=&#8220;.vc_custom_1554879470470{padding-top: 30px !important;}&#8220;][vc_column width=&#8220;1\/2&#8243;][vc_column_text] Reservierungen und Anfragen (nur auf Finnisch oder Englisch): Marko Hallberg +358 (0)45 128 1973 varaukset(at)rukanelio.fi &nbsp; Adressen Rukaneli\u00f6 3\u00a0 Syrj\u00e4tie 6<span class=\"excerpt-hellip\"> [\u2026]<\/span><\/p>\n","protected":false},"author":1,"featured_media":0,"parent":0,"menu_order":0,"comment_status":"closed","ping_status":"closed","template":"","meta":{"_monsterinsights_skip_tracking":false,"_monsterinsights_sitenote_active":false,"_monsterinsights_sitenote_note":"","_monsterinsights_sitenote_category":0,"footnotes":""},"class_list":["post-955","page","type-page","status-publish","hentry"],"yoast_head":"<!-- This site is optimized with the Yoast SEO plugin v27.5 - https:\/\/yoast.com\/product\/yoast-seo-wordpress\/ -->\n<title>Rukaneli\u00f6 | Ota yhteytt\u00e4! | Vuokraa m\u00f6kki Rukalta!<\/title>\n<meta name=\"robots\" content=\"index, follow, max-snippet:-1, max-image-preview:large, max-video-preview:-1\" \/>\n<link rel=\"canonical\" href=\"https:\/\/rukanelio.fi\/de\/kontakt\/\" \/>\n<meta property=\"og:locale\" content=\"de_DE\" \/>\n<meta property=\"og:type\" content=\"article\" \/>\n<meta property=\"og:title\" content=\"Rukaneli\u00f6 | Ota yhteytt\u00e4! | Vuokraa m\u00f6kki Rukalta!\" \/>\n<meta property=\"og:description\" content=\"[vc_row css=&#8220;.vc_custom_1554879470470{padding-top: 30px !important;}&#8220;][vc_column width=&#8220;1\/2&#8243;][vc_column_text] Reservierungen und Anfragen (nur auf Finnisch oder Englisch): Marko Hallberg +358 (0)45 128 1973 varaukset(at)rukanelio.fi &nbsp; Adressen Rukaneli\u00f6 3\u00a0 Syrj\u00e4tie 6 [\u2026]\" \/>\n<meta property=\"og:url\" content=\"https:\/\/rukanelio.fi\/de\/kontakt\/\" \/>\n<meta property=\"og:site_name\" content=\"Rukaneli&ouml;\" \/>\n<meta property=\"article:modified_time\" content=\"2021-02-12T07:53:34+00:00\" \/>\n<meta name=\"twitter:card\" content=\"summary_large_image\" \/>\n<meta name=\"twitter:label1\" content=\"Gesch\u00e4tzte Lesezeit\" \/>\n\t<meta name=\"twitter:data1\" content=\"1\u00a0Minute\" \/>\n<script type=\"application\/ld+json\" class=\"yoast-schema-graph\">{\"@context\":\"https:\\\/\\\/schema.org\",\"@graph\":[{\"@type\":\"WebPage\",\"@id\":\"https:\\\/\\\/rukanelio.fi\\\/de\\\/kontakt\\\/\",\"url\":\"https:\\\/\\\/rukanelio.fi\\\/de\\\/kontakt\\\/\",\"name\":\"Rukaneli\u00f6 | Ota yhteytt\u00e4! | Vuokraa m\u00f6kki Rukalta!\",\"isPartOf\":{\"@id\":\"https:\\\/\\\/rukanelio.fi\\\/#website\"},\"datePublished\":\"2018-12-03T08:43:11+00:00\",\"dateModified\":\"2021-02-12T07:53:34+00:00\",\"breadcrumb\":{\"@id\":\"https:\\\/\\\/rukanelio.fi\\\/de\\\/kontakt\\\/#breadcrumb\"},\"inLanguage\":\"de\",\"potentialAction\":[{\"@type\":\"ReadAction\",\"target\":[\"https:\\\/\\\/rukanelio.fi\\\/de\\\/kontakt\\\/\"]}]},{\"@type\":\"BreadcrumbList\",\"@id\":\"https:\\\/\\\/rukanelio.fi\\\/de\\\/kontakt\\\/#breadcrumb\",\"itemListElement\":[{\"@type\":\"ListItem\",\"position\":1,\"name\":\"Home\",\"item\":\"https:\\\/\\\/rukanelio.fi\\\/de\\\/\"},{\"@type\":\"ListItem\",\"position\":2,\"name\":\"Kontakt\"}]},{\"@type\":\"WebSite\",\"@id\":\"https:\\\/\\\/rukanelio.fi\\\/#website\",\"url\":\"https:\\\/\\\/rukanelio.fi\\\/\",\"name\":\"Rukaneli&ouml;\",\"description\":\"M&ouml;kki rukalta\",\"potentialAction\":[{\"@type\":\"SearchAction\",\"target\":{\"@type\":\"EntryPoint\",\"urlTemplate\":\"https:\\\/\\\/rukanelio.fi\\\/?s={search_term_string}\"},\"query-input\":{\"@type\":\"PropertyValueSpecification\",\"valueRequired\":true,\"valueName\":\"search_term_string\"}}],\"inLanguage\":\"de\"}]}<\/script>\n<!-- \/ Yoast SEO plugin. -->","yoast_head_json":{"title":"Rukaneli\u00f6 | Ota yhteytt\u00e4! | Vuokraa m\u00f6kki Rukalta!","robots":{"index":"index","follow":"follow","max-snippet":"max-snippet:-1","max-image-preview":"max-image-preview:large","max-video-preview":"max-video-preview:-1"},"canonical":"https:\/\/rukanelio.fi\/de\/kontakt\/","og_locale":"de_DE","og_type":"article","og_title":"Rukaneli\u00f6 | Ota yhteytt\u00e4! | Vuokraa m\u00f6kki Rukalta!","og_description":"[vc_row css=&#8220;.vc_custom_1554879470470{padding-top: 30px !important;}&#8220;][vc_column width=&#8220;1\/2&#8243;][vc_column_text] Reservierungen und Anfragen (nur auf Finnisch oder Englisch): Marko Hallberg +358 (0)45 128 1973 varaukset(at)rukanelio.fi &nbsp; Adressen Rukaneli\u00f6 3\u00a0 Syrj\u00e4tie 6 [\u2026]","og_url":"https:\/\/rukanelio.fi\/de\/kontakt\/","og_site_name":"Rukaneli&ouml;","article_modified_time":"2021-02-12T07:53:34+00:00","twitter_card":"summary_large_image","twitter_misc":{"Gesch\u00e4tzte Lesezeit":"1\u00a0Minute"},"schema":{"@context":"https:\/\/schema.org","@graph":[{"@type":"WebPage","@id":"https:\/\/rukanelio.fi\/de\/kontakt\/","url":"https:\/\/rukanelio.fi\/de\/kontakt\/","name":"Rukaneli\u00f6 | Ota yhteytt\u00e4! | Vuokraa m\u00f6kki Rukalta!","isPartOf":{"@id":"https:\/\/rukanelio.fi\/#website"},"datePublished":"2018-12-03T08:43:11+00:00","dateModified":"2021-02-12T07:53:34+00:00","breadcrumb":{"@id":"https:\/\/rukanelio.fi\/de\/kontakt\/#breadcrumb"},"inLanguage":"de","potentialAction":[{"@type":"ReadAction","target":["https:\/\/rukanelio.fi\/de\/kontakt\/"]}]},{"@type":"BreadcrumbList","@id":"https:\/\/rukanelio.fi\/de\/kontakt\/#breadcrumb","itemListElement":[{"@type":"ListItem","position":1,"name":"Home","item":"https:\/\/rukanelio.fi\/de\/"},{"@type":"ListItem","position":2,"name":"Kontakt"}]},{"@type":"WebSite","@id":"https:\/\/rukanelio.fi\/#website","url":"https:\/\/rukanelio.fi\/","name":"Rukaneli&ouml;","description":"M&ouml;kki rukalta","potentialAction":[{"@type":"SearchAction","target":{"@type":"EntryPoint","urlTemplate":"https:\/\/rukanelio.fi\/?s={search_term_string}"},"query-input":{"@type":"PropertyValueSpecification","valueRequired":true,"valueName":"search_term_string"}}],"inLanguage":"de"}]}},"_links":{"self":[{"href":"https:\/\/rukanelio.fi\/de\/wp-json\/wp\/v2\/pages\/955","targetHints":{"allow":["GET"]}}],"collection":[{"href":"https:\/\/rukanelio.fi\/de\/wp-json\/wp\/v2\/pages"}],"about":[{"href":"https:\/\/rukanelio.fi\/de\/wp-json\/wp\/v2\/types\/page"}],"author":[{"embeddable":true,"href":"https:\/\/rukanelio.fi\/de\/wp-json\/wp\/v2\/users\/1"}],"replies":[{"embeddable":true,"href":"https:\/\/rukanelio.fi\/de\/wp-json\/wp\/v2\/comments?post=955"}],"version-history":[{"count":2,"href":"https:\/\/rukanelio.fi\/de\/wp-json\/wp\/v2\/pages\/955\/revisions"}],"predecessor-version":[{"id":957,"href":"https:\/\/rukanelio.fi\/de\/wp-json\/wp\/v2\/pages\/955\/revisions\/957"}],"wp:attachment":[{"href":"https:\/\/rukanelio.fi\/de\/wp-json\/wp\/v2\/media?parent=955"}],"curies":[{"name":"wp","href":"https:\/\/api.w.org\/{rel}","templated":true}]}}