{"id":950,"date":"2019-04-08T10:06:04","date_gmt":"2019-04-08T07:06:04","guid":{"rendered":"https:\/\/rukanelio.fi\/tarjoukset\/"},"modified":"2021-02-12T09:49:46","modified_gmt":"2021-02-12T07:49:46","slug":"angebote","status":"publish","type":"page","link":"https:\/\/rukanelio.fi\/de\/angebote\/","title":{"rendered":"Angebote"},"content":{"rendered":"<div class=\"wpb-content-wrapper\"><p>[vc_row css=&#8220;.vc_custom_1554816708963{padding-top: 30px !important;padding-bottom: 30px !important;}&#8220;][vc_column][vc_column_text]<\/p>\n<h1 style=\"text-align: center;\">Angebote<\/h1>\n<p>[\/vc_column_text][vc_column_text]<\/p>\n<p style=\"text-align: center;\">Auf dieser Seite finden Sie unsere Angebote!<\/p>\n<p style=\"text-align: center;\">Angebote gelten f\u00fcr E-Mail-Buchungen!<\/p>\n<p>[\/vc_column_text][\/vc_column][\/vc_row][vc_row][vc_column][vc_separator][\/vc_column][\/vc_row][vc_row][vc_column width=&#8220;1\/3&#8243;][vc_column_text]<\/p>\n<h3 style=\"text-align: center;\">RukaNeli\u00f6 3<\/h3>\n<h3 style=\"text-align: center;\">Derzeit keine Angebote.<\/h3>\n<p>[\/vc_column_text][\/vc_column][vc_column width=&#8220;1\/3&#8243;][vc_column_text][\/vc_column_text][\/vc_column][vc_column width=&#8220;1\/3&#8243;][vc_single_image image=&#8220;50&#8243; alignment=&#8220;center&#8220;][\/vc_column][\/vc_row][vc_row][vc_column width=&#8220;1\/3&#8243;][vc_column_text]<\/p>\n<h3 style=\"text-align: center;\">Soukkelomukka 6<\/h3>\n<h3 style=\"text-align: center;\">Derzeit keine Angebote.<\/h3>\n<p>[\/vc_column_text][\/vc_column][vc_column width=&#8220;1\/3&#8243;][vc_column_text][\/vc_column_text][\/vc_column][vc_column width=&#8220;1\/3&#8243;][vc_single_image image=&#8220;317&#8243; alignment=&#8220;center&#8220;][\/vc_column][\/vc_row][vc_row][vc_column][vc_empty_space][\/vc_column][\/vc_row]<\/p>\n<\/div>","protected":false},"excerpt":{"rendered":"<p>[vc_row css=&#8220;.vc_custom_1554816708963{padding-top: 30px !important;padding-bottom: 30px !important;}&#8220;][vc_column][vc_column_text] Angebote [\/vc_column_text][vc_column_text] Auf dieser Seite finden Sie unsere Angebote! Angebote gelten f\u00fcr E-Mail-Buchungen! [\/vc_column_text][\/vc_column][\/vc_row][vc_row][vc_column][vc_separator][\/vc_column][\/vc_row][vc_row][vc_column width=&#8220;1\/3&#8243;][vc_column_text] RukaNeli\u00f6 3 Derzeit keine Angebote.<span class=\"excerpt-hellip\"> [\u2026]<\/span><\/p>\n","protected":false},"author":1,"featured_media":0,"parent":0,"menu_order":0,"comment_status":"closed","ping_status":"closed","template":"","meta":{"_monsterinsights_skip_tracking":false,"_monsterinsights_sitenote_active":false,"_monsterinsights_sitenote_note":"","_monsterinsights_sitenote_category":0,"footnotes":""},"class_list":["post-950","page","type-page","status-publish","hentry"],"yoast_head":"<!-- This site is optimized with the Yoast SEO plugin v27.5 - https:\/\/yoast.com\/product\/yoast-seo-wordpress\/ -->\n<title>Rukaneli\u00f6 | Vuokraa m\u00f6kki Rukalta | Rukaneli\u00f6 3 &amp; Soukkelomukka 6<\/title>\n<meta name=\"description\" content=\"RukaNeli\u00f6 3 Rukaj\u00e4rven alueella, upein Pyh\u00e4vaaran maisemin ja hyv\u00e4ll\u00e4 maulla sisustettu rauhoittava ja nautinnollinen vuonna 2010 valmistunut erillism\u00f6kki Kaartovaaran laella. Matkaa l\u00e4himm\u00e4lle rinteelle on noin 7 kilometri\u00e4 ja Rukan keskusaukiolle 8 kilometri\u00e4. Matkan varrelta l\u00f6ytyy my\u00f6s Golf-rata sek\u00e4 kalaisia Pyh\u00e4j\u00e4rvi.\" \/>\n<meta name=\"robots\" content=\"index, follow, max-snippet:-1, max-image-preview:large, max-video-preview:-1\" \/>\n<link rel=\"canonical\" href=\"https:\/\/rukanelio.fi\/de\/angebote\/\" \/>\n<meta property=\"og:locale\" content=\"de_DE\" \/>\n<meta property=\"og:type\" content=\"article\" \/>\n<meta property=\"og:title\" content=\"Rukaneli\u00f6 | Vuokraa m\u00f6kki Rukalta | Rukaneli\u00f6 3 &amp; Soukkelomukka 6\" \/>\n<meta property=\"og:description\" content=\"RukaNeli\u00f6 3 Rukaj\u00e4rven alueella, upein Pyh\u00e4vaaran maisemin ja hyv\u00e4ll\u00e4 maulla sisustettu rauhoittava ja nautinnollinen vuonna 2010 valmistunut erillism\u00f6kki Kaartovaaran laella. Matkaa l\u00e4himm\u00e4lle rinteelle on noin 7 kilometri\u00e4 ja Rukan keskusaukiolle 8 kilometri\u00e4. Matkan varrelta l\u00f6ytyy my\u00f6s Golf-rata sek\u00e4 kalaisia Pyh\u00e4j\u00e4rvi.\" \/>\n<meta property=\"og:url\" content=\"https:\/\/rukanelio.fi\/de\/angebote\/\" \/>\n<meta property=\"og:site_name\" content=\"Rukaneli&ouml;\" \/>\n<meta property=\"article:modified_time\" content=\"2021-02-12T07:49:46+00:00\" \/>\n<meta name=\"twitter:card\" content=\"summary_large_image\" \/>\n<meta name=\"twitter:label1\" content=\"Gesch\u00e4tzte Lesezeit\" \/>\n\t<meta name=\"twitter:data1\" content=\"1\u00a0Minute\" \/>\n<script type=\"application\/ld+json\" class=\"yoast-schema-graph\">{\"@context\":\"https:\\\/\\\/schema.org\",\"@graph\":[{\"@type\":\"WebPage\",\"@id\":\"https:\\\/\\\/rukanelio.fi\\\/de\\\/angebote\\\/\",\"url\":\"https:\\\/\\\/rukanelio.fi\\\/de\\\/angebote\\\/\",\"name\":\"Rukaneli\u00f6 | Vuokraa m\u00f6kki Rukalta | Rukaneli\u00f6 3 & Soukkelomukka 6\",\"isPartOf\":{\"@id\":\"https:\\\/\\\/rukanelio.fi\\\/#website\"},\"datePublished\":\"2019-04-08T07:06:04+00:00\",\"dateModified\":\"2021-02-12T07:49:46+00:00\",\"description\":\"RukaNeli\u00f6 3 Rukaj\u00e4rven alueella, upein Pyh\u00e4vaaran maisemin ja hyv\u00e4ll\u00e4 maulla sisustettu rauhoittava ja nautinnollinen vuonna 2010 valmistunut erillism\u00f6kki Kaartovaaran laella. Matkaa l\u00e4himm\u00e4lle rinteelle on noin 7 kilometri\u00e4 ja Rukan keskusaukiolle 8 kilometri\u00e4. Matkan varrelta l\u00f6ytyy my\u00f6s Golf-rata sek\u00e4 kalaisia Pyh\u00e4j\u00e4rvi.\",\"breadcrumb\":{\"@id\":\"https:\\\/\\\/rukanelio.fi\\\/de\\\/angebote\\\/#breadcrumb\"},\"inLanguage\":\"de\",\"potentialAction\":[{\"@type\":\"ReadAction\",\"target\":[\"https:\\\/\\\/rukanelio.fi\\\/de\\\/angebote\\\/\"]}]},{\"@type\":\"BreadcrumbList\",\"@id\":\"https:\\\/\\\/rukanelio.fi\\\/de\\\/angebote\\\/#breadcrumb\",\"itemListElement\":[{\"@type\":\"ListItem\",\"position\":1,\"name\":\"Home\",\"item\":\"https:\\\/\\\/rukanelio.fi\\\/de\\\/\"},{\"@type\":\"ListItem\",\"position\":2,\"name\":\"Angebote\"}]},{\"@type\":\"WebSite\",\"@id\":\"https:\\\/\\\/rukanelio.fi\\\/#website\",\"url\":\"https:\\\/\\\/rukanelio.fi\\\/\",\"name\":\"Rukaneli&ouml;\",\"description\":\"M&ouml;kki rukalta\",\"potentialAction\":[{\"@type\":\"SearchAction\",\"target\":{\"@type\":\"EntryPoint\",\"urlTemplate\":\"https:\\\/\\\/rukanelio.fi\\\/?s={search_term_string}\"},\"query-input\":{\"@type\":\"PropertyValueSpecification\",\"valueRequired\":true,\"valueName\":\"search_term_string\"}}],\"inLanguage\":\"de\"}]}<\/script>\n<!-- \/ Yoast SEO plugin. -->","yoast_head_json":{"title":"Rukaneli\u00f6 | Vuokraa m\u00f6kki Rukalta | Rukaneli\u00f6 3 & Soukkelomukka 6","description":"RukaNeli\u00f6 3 Rukaj\u00e4rven alueella, upein Pyh\u00e4vaaran maisemin ja hyv\u00e4ll\u00e4 maulla sisustettu rauhoittava ja nautinnollinen vuonna 2010 valmistunut erillism\u00f6kki Kaartovaaran laella. Matkaa l\u00e4himm\u00e4lle rinteelle on noin 7 kilometri\u00e4 ja Rukan keskusaukiolle 8 kilometri\u00e4. Matkan varrelta l\u00f6ytyy my\u00f6s Golf-rata sek\u00e4 kalaisia Pyh\u00e4j\u00e4rvi.","robots":{"index":"index","follow":"follow","max-snippet":"max-snippet:-1","max-image-preview":"max-image-preview:large","max-video-preview":"max-video-preview:-1"},"canonical":"https:\/\/rukanelio.fi\/de\/angebote\/","og_locale":"de_DE","og_type":"article","og_title":"Rukaneli\u00f6 | Vuokraa m\u00f6kki Rukalta | Rukaneli\u00f6 3 & Soukkelomukka 6","og_description":"RukaNeli\u00f6 3 Rukaj\u00e4rven alueella, upein Pyh\u00e4vaaran maisemin ja hyv\u00e4ll\u00e4 maulla sisustettu rauhoittava ja nautinnollinen vuonna 2010 valmistunut erillism\u00f6kki Kaartovaaran laella. Matkaa l\u00e4himm\u00e4lle rinteelle on noin 7 kilometri\u00e4 ja Rukan keskusaukiolle 8 kilometri\u00e4. Matkan varrelta l\u00f6ytyy my\u00f6s Golf-rata sek\u00e4 kalaisia Pyh\u00e4j\u00e4rvi.","og_url":"https:\/\/rukanelio.fi\/de\/angebote\/","og_site_name":"Rukaneli&ouml;","article_modified_time":"2021-02-12T07:49:46+00:00","twitter_card":"summary_large_image","twitter_misc":{"Gesch\u00e4tzte Lesezeit":"1\u00a0Minute"},"schema":{"@context":"https:\/\/schema.org","@graph":[{"@type":"WebPage","@id":"https:\/\/rukanelio.fi\/de\/angebote\/","url":"https:\/\/rukanelio.fi\/de\/angebote\/","name":"Rukaneli\u00f6 | Vuokraa m\u00f6kki Rukalta | Rukaneli\u00f6 3 & Soukkelomukka 6","isPartOf":{"@id":"https:\/\/rukanelio.fi\/#website"},"datePublished":"2019-04-08T07:06:04+00:00","dateModified":"2021-02-12T07:49:46+00:00","description":"RukaNeli\u00f6 3 Rukaj\u00e4rven alueella, upein Pyh\u00e4vaaran maisemin ja hyv\u00e4ll\u00e4 maulla sisustettu rauhoittava ja nautinnollinen vuonna 2010 valmistunut erillism\u00f6kki Kaartovaaran laella. Matkaa l\u00e4himm\u00e4lle rinteelle on noin 7 kilometri\u00e4 ja Rukan keskusaukiolle 8 kilometri\u00e4. Matkan varrelta l\u00f6ytyy my\u00f6s Golf-rata sek\u00e4 kalaisia Pyh\u00e4j\u00e4rvi.","breadcrumb":{"@id":"https:\/\/rukanelio.fi\/de\/angebote\/#breadcrumb"},"inLanguage":"de","potentialAction":[{"@type":"ReadAction","target":["https:\/\/rukanelio.fi\/de\/angebote\/"]}]},{"@type":"BreadcrumbList","@id":"https:\/\/rukanelio.fi\/de\/angebote\/#breadcrumb","itemListElement":[{"@type":"ListItem","position":1,"name":"Home","item":"https:\/\/rukanelio.fi\/de\/"},{"@type":"ListItem","position":2,"name":"Angebote"}]},{"@type":"WebSite","@id":"https:\/\/rukanelio.fi\/#website","url":"https:\/\/rukanelio.fi\/","name":"Rukaneli&ouml;","description":"M&ouml;kki rukalta","potentialAction":[{"@type":"SearchAction","target":{"@type":"EntryPoint","urlTemplate":"https:\/\/rukanelio.fi\/?s={search_term_string}"},"query-input":{"@type":"PropertyValueSpecification","valueRequired":true,"valueName":"search_term_string"}}],"inLanguage":"de"}]}},"_links":{"self":[{"href":"https:\/\/rukanelio.fi\/de\/wp-json\/wp\/v2\/pages\/950","targetHints":{"allow":["GET"]}}],"collection":[{"href":"https:\/\/rukanelio.fi\/de\/wp-json\/wp\/v2\/pages"}],"about":[{"href":"https:\/\/rukanelio.fi\/de\/wp-json\/wp\/v2\/types\/page"}],"author":[{"embeddable":true,"href":"https:\/\/rukanelio.fi\/de\/wp-json\/wp\/v2\/users\/1"}],"replies":[{"embeddable":true,"href":"https:\/\/rukanelio.fi\/de\/wp-json\/wp\/v2\/comments?post=950"}],"version-history":[{"count":2,"href":"https:\/\/rukanelio.fi\/de\/wp-json\/wp\/v2\/pages\/950\/revisions"}],"predecessor-version":[{"id":953,"href":"https:\/\/rukanelio.fi\/de\/wp-json\/wp\/v2\/pages\/950\/revisions\/953"}],"wp:attachment":[{"href":"https:\/\/rukanelio.fi\/de\/wp-json\/wp\/v2\/media?parent=950"}],"curies":[{"name":"wp","href":"https:\/\/api.w.org\/{rel}","templated":true}]}}