{"id":947,"date":"2018-12-04T10:44:37","date_gmt":"2018-12-04T08:44:37","guid":{"rendered":"https:\/\/rukanelio.fi\/varausehdot\/"},"modified":"2021-02-24T20:14:12","modified_gmt":"2021-02-24T18:14:12","slug":"mietbedingungen","status":"publish","type":"page","link":"https:\/\/rukanelio.fi\/de\/mietbedingungen\/","title":{"rendered":"Mietbedingungen"},"content":{"rendered":"<div class=\"wpb-content-wrapper\"><p>[vc_row][vc_column][vc_column_text]<\/p>\n<div id=\"content\">\n<h1 id=\"pagetitle\"><strong>Mietbedingungen<\/strong><\/h1>\n<p id=\"pagedescription\" class=\"block\">Mietbedingungen RukaNeli\u00f6 3 und Soukkelomukka 6 in der Saison 2020\/2021<\/p>\n<p>Diese Allgemeinen Gesch\u00e4ftsbedingungen werden f\u00fcr beide Parteien nach erfolgter Buchung verbindlich. Die Buchung wird best\u00e4tigt, sobald der Kunde die Vorauszahlung bezahlt hat (30% des Unterkunftspreises). Die Vorauszahlung muss innerhalb von 3 Tagen nach der Buchung erfolgen. Der Restbetrag muss 30 Tage vor Beginn der Ankunft bezahlt werden. Bei Last-Minute-Buchungen (weniger als 30 Tage vor Beginn des Aufenthalts) werden alle Zahlungen sofort in Rechnung gestellt. Der Mieter muss vollj\u00e4hrig sein. Die \u00dcbergabe des Schl\u00fcssels wird 1-2 Tage vor Beginn der Unterkunft mit dem Hausmeister vereinbart, es sei denn, Sie kommen am Anreisetag bis 17.00 Uhr in der Unterkunft an. Die Kontaktinformationen f\u00fcr den Hausmeister und die Wegbeschreibung erhalten Sie mit der endg\u00fcltigen Rechnung. Der Schl\u00fcssel wird gegen eine Zahlungsquittung \u00fcbergeben.<\/p>\n<p><strong>Mindestaufenthalt<\/strong><\/p>\n<p>Weihnachten\/Neujahr und ab der 8. Kalenderwoche bis zur Woche nach Ostermontag betr\u00e4gt der Mindestaufenthalt eine Woche. Ankunfts- und Abreisetag ist der Samstag (von Samstag bis Samstag)<br \/>\nZu anderen Zeiten betr\u00e4gt der Mindestaufenthalt 2 N\u00e4chte nach Ihrer Wahl.<\/p>\n<p>Das M\u00f6kki steht den G\u00e4sten am Ankunftstag ab 16 Uhr bis zum Abreisetag um 12 Uhr zur Verf\u00fcgung.<\/p>\n<p>Die Miete der Unterkunft beinhaltet die Nutzung der Ferienwohnung, der Bettw\u00e4sche (Matratzen, Decken, Kissen), Brennholz und Geschirr. Der Mieter Kunde bringt seine eigene Bettw\u00e4sche mit und ist f\u00fcr die Reinigung der Immobilie w\u00e4hrend und am Ende der Vermietung verantwortlich, sofern nicht anders vereinbart (ist) *). Wenn die Reinigung nicht durchgef\u00fchrt wurde, hat RukaNeli\u00f6 das Recht, dem Mieter eine Reinigungsgeb\u00fchr in Rechnung zu stellen **). Reinigungsanweisungen erhalten Sie bei \u00dcbergabe des Schl\u00fcssels. Die Unterkunft darf nicht von mehr als der bei der Buchung vereinbarten Anzahl der G\u00e4ste benutzt werden.<\/p>\n<p><strong>Bewegbare Whirlpools u.\u00e4.<\/strong><\/p>\n<p>Es ist strengstens verboten Whirlpools u.\u00e4. ohne besondere Erlaubnis auf das Grundst\u00fcck zu bringen oder bringen zu lassen.<br \/>\nWenn dies ohne Erlaubnis passiert, hat der Vermieter das Recht, die Reservierung sofort zu stornieren, ohne die Reservierungsgeb\u00fchr zu erstatten.<br \/>\nEbenfalls wird in diesem Fall eine Strafe von 450\u20ac erhoben.<\/p>\n<p>Das Rauchen ist in den Innenr\u00e4umen verboten.<\/p>\n<p><strong>Haustiere<\/strong><\/p>\n<p>Das Mitbringen von Haustieren muss bei der Buchung dem Vermieter mitgeteilt werden. Tiere d\u00fcrfen nicht auf Betten oder anderen M\u00f6beln verweilen. Der Mieter ist verpflichtet dem Vermieter alle Sch\u00e4den direkt zu melden und diese zu erstatten. Hat der Mieter einen Grund zur Reklamation, muss die Reklamation dem Vermieter sofort gemeldet werden. Nachtr\u00e4gliche Reklamationen werden nicht ber\u00fccksichtigt. Die H\u00e4user sind nicht allergiefrei.<\/p>\n<p>*) Bettw\u00e4sche: 20\u20ac pro Person (inkl. Bettw\u00e4sche (Bettlaken), Kissenbezug, Bettbezug und Badetuch) Im Voraus gebuchte Reinigung: 130\u20ac RukaNeli\u00f6 3 und 100\u20ac Soukkelomukka 6.<br \/>\n**) Reinigungsgeb\u00fchr bei nicht erfolgter Reinigung: ab 220\u20ac<\/p>\n<p><strong>Schadenersatz:<\/strong><\/p>\n<p>Der Vermieter hat das Recht, die vom Mieter am Eigentum oder an M\u00f6beln verursachten Sch\u00e4den, zu erstatten. Die h\u00e4ufigsten Sch\u00e4den, die der Vermieter festgestellt und ersetzt bekommen hat: Bettw\u00e4sche 60\u20ac \/ K\u00fcchenutensilien (Besteck, Teller, Gl\u00e4ser usw.) 6\u20ac \/ Stk. Meldet der Mieter w\u00e4hrend des Aufenthalts einen Schaden, berechnet der Vermieter 50% der genannten Kosten. In anderen F\u00e4llen werden die Kosten \/ Schadenersatzanspr\u00fcche immer von Fall zu Fall beurteilt.<\/p>\n<\/div>\n<p><strong>Stornierungsbedingungen<\/strong><\/p>\n<p>Stornierungen m\u00fcssen immer schriftlich an RukaNeli\u00f6 erfolgen. Wenn die Stornierung mindestens 35 Tage vor Beginn des Aufenthalts erfolgt, wird die Anzahlung zur\u00fcckerstattet. Bei Stornierung von weniger als 35 Tagen vor Beginn des Aufenthalts wird die Vorauszahlung nicht erstattet. Nachtr\u00e4gliche Stornierungen werden in voller H\u00f6he berechnet, sofern die Immobilie nicht erneut vermietet werden kann. F\u00fcr alle oben genannten Stornierungen wird eine Bearbeitungsgeb\u00fchr von 40,- \u20ac erhoben. Wenn die Stornierung auf Grund einer schweren Krankheit oder des Todes des Mieters oder seiner Angeh\u00f6rigen vor Beginn des Aufenthalts erfolgt, wird die Miete der Unterkunft zur\u00fcckerstattet. In diesem Fall muss ein \u00e4rztliches Attest \u00fcber den Grund der Stornierung vorgelegt werden.<br \/>\nLast-Minute-Buchungen sind sofort f\u00e4llig. Sie erhalten den Schl\u00fcssel gegen eine Zahlungsquittung. Stornierungen werden in voller H\u00f6he berechnet, es sei denn, die Immobilie kann erneut vermietet werden.<\/p>\n<p><strong>RukaNeli\u00f6 hat das Recht, die Reservierung zu stornieren wenn,<\/strong><strong>\u00a0<\/strong><\/p>\n<p>Bei h\u00f6herer Gewalt kann RukaNeli\u00f6 die Reservierung stornieren. In diesem Fall erh\u00e4lt der Kunde eine volle R\u00fcckerstattung der Miete. Wenn die Voraus- oder Restzahlung nicht bis zum F\u00e4lligkeitsdatum bezahlt wurde, hat RukaNeli\u00f6 das Recht, die Reservierung zu stornieren, es sei denn, die Zahlung erfolgt vom von Mieter. RukaNeli\u00f6 haftet nicht f\u00fcr Sch\u00e4den, die dem Mieter auf Grund unvorhersehbarer h\u00f6herer Gewalt \u00f6.\u00e4. (z.B. Naturph\u00e4nomene, Stromausf\u00e4lle usw.) entstehen, die nicht von RukaNeli\u00f6 verursacht wurden und deren Folgen RukaNeli\u00f6 nicht h\u00e4tte verhindern k\u00f6nnen. (Den letzten Satz w\u00fcrde ich hier weglassen. Steht ja schon alles oben)<\/p>\n<p><strong>Wir behalten uns das Recht vor, die Preise zu \u00e4ndern.<\/strong>[\/vc_column_text][vc_empty_space][\/vc_column][\/vc_row]<\/p>\n<\/div>","protected":false},"excerpt":{"rendered":"<p>[vc_row][vc_column][vc_column_text] Mietbedingungen Mietbedingungen RukaNeli\u00f6 3 und Soukkelomukka 6 in der Saison 2020\/2021 Diese Allgemeinen Gesch\u00e4ftsbedingungen werden f\u00fcr beide Parteien nach erfolgter Buchung verbindlich. Die Buchung wird<span class=\"excerpt-hellip\"> [\u2026]<\/span><\/p>\n","protected":false},"author":1,"featured_media":0,"parent":0,"menu_order":0,"comment_status":"closed","ping_status":"closed","template":"","meta":{"_monsterinsights_skip_tracking":false,"_monsterinsights_sitenote_active":false,"_monsterinsights_sitenote_note":"","_monsterinsights_sitenote_category":0,"footnotes":""},"class_list":["post-947","page","type-page","status-publish","hentry"],"yoast_head":"<!-- This site is optimized with the Yoast SEO plugin v27.5 - https:\/\/yoast.com\/product\/yoast-seo-wordpress\/ -->\n<title>Mietbedingungen - Rukaneli&ouml;<\/title>\n<meta name=\"robots\" content=\"index, follow, max-snippet:-1, max-image-preview:large, max-video-preview:-1\" \/>\n<link rel=\"canonical\" href=\"https:\/\/rukanelio.fi\/de\/mietbedingungen\/\" \/>\n<meta property=\"og:locale\" content=\"de_DE\" \/>\n<meta property=\"og:type\" content=\"article\" \/>\n<meta property=\"og:title\" content=\"Mietbedingungen - Rukaneli&ouml;\" \/>\n<meta property=\"og:description\" content=\"[vc_row][vc_column][vc_column_text] Mietbedingungen Mietbedingungen RukaNeli\u00f6 3 und Soukkelomukka 6 in der Saison 2020\/2021 Diese Allgemeinen Gesch\u00e4ftsbedingungen werden f\u00fcr beide Parteien nach erfolgter Buchung verbindlich. Die Buchung wird [\u2026]\" \/>\n<meta property=\"og:url\" content=\"https:\/\/rukanelio.fi\/de\/mietbedingungen\/\" \/>\n<meta property=\"og:site_name\" content=\"Rukaneli&ouml;\" \/>\n<meta property=\"article:modified_time\" content=\"2021-02-24T18:14:12+00:00\" \/>\n<meta name=\"twitter:card\" content=\"summary_large_image\" \/>\n<meta name=\"twitter:label1\" content=\"Gesch\u00e4tzte Lesezeit\" \/>\n\t<meta name=\"twitter:data1\" content=\"4\u00a0Minuten\" \/>\n<script type=\"application\/ld+json\" class=\"yoast-schema-graph\">{\"@context\":\"https:\\\/\\\/schema.org\",\"@graph\":[{\"@type\":\"WebPage\",\"@id\":\"https:\\\/\\\/rukanelio.fi\\\/de\\\/mietbedingungen\\\/\",\"url\":\"https:\\\/\\\/rukanelio.fi\\\/de\\\/mietbedingungen\\\/\",\"name\":\"Mietbedingungen - Rukaneli&ouml;\",\"isPartOf\":{\"@id\":\"https:\\\/\\\/rukanelio.fi\\\/#website\"},\"datePublished\":\"2018-12-04T08:44:37+00:00\",\"dateModified\":\"2021-02-24T18:14:12+00:00\",\"breadcrumb\":{\"@id\":\"https:\\\/\\\/rukanelio.fi\\\/de\\\/mietbedingungen\\\/#breadcrumb\"},\"inLanguage\":\"de\",\"potentialAction\":[{\"@type\":\"ReadAction\",\"target\":[\"https:\\\/\\\/rukanelio.fi\\\/de\\\/mietbedingungen\\\/\"]}]},{\"@type\":\"BreadcrumbList\",\"@id\":\"https:\\\/\\\/rukanelio.fi\\\/de\\\/mietbedingungen\\\/#breadcrumb\",\"itemListElement\":[{\"@type\":\"ListItem\",\"position\":1,\"name\":\"Home\",\"item\":\"https:\\\/\\\/rukanelio.fi\\\/de\\\/\"},{\"@type\":\"ListItem\",\"position\":2,\"name\":\"Mietbedingungen\"}]},{\"@type\":\"WebSite\",\"@id\":\"https:\\\/\\\/rukanelio.fi\\\/#website\",\"url\":\"https:\\\/\\\/rukanelio.fi\\\/\",\"name\":\"Rukaneli&ouml;\",\"description\":\"M&ouml;kki rukalta\",\"potentialAction\":[{\"@type\":\"SearchAction\",\"target\":{\"@type\":\"EntryPoint\",\"urlTemplate\":\"https:\\\/\\\/rukanelio.fi\\\/?s={search_term_string}\"},\"query-input\":{\"@type\":\"PropertyValueSpecification\",\"valueRequired\":true,\"valueName\":\"search_term_string\"}}],\"inLanguage\":\"de\"}]}<\/script>\n<!-- \/ Yoast SEO plugin. -->","yoast_head_json":{"title":"Mietbedingungen - Rukaneli&ouml;","robots":{"index":"index","follow":"follow","max-snippet":"max-snippet:-1","max-image-preview":"max-image-preview:large","max-video-preview":"max-video-preview:-1"},"canonical":"https:\/\/rukanelio.fi\/de\/mietbedingungen\/","og_locale":"de_DE","og_type":"article","og_title":"Mietbedingungen - Rukaneli&ouml;","og_description":"[vc_row][vc_column][vc_column_text] Mietbedingungen Mietbedingungen RukaNeli\u00f6 3 und Soukkelomukka 6 in der Saison 2020\/2021 Diese Allgemeinen Gesch\u00e4ftsbedingungen werden f\u00fcr beide Parteien nach erfolgter Buchung verbindlich. Die Buchung wird [\u2026]","og_url":"https:\/\/rukanelio.fi\/de\/mietbedingungen\/","og_site_name":"Rukaneli&ouml;","article_modified_time":"2021-02-24T18:14:12+00:00","twitter_card":"summary_large_image","twitter_misc":{"Gesch\u00e4tzte Lesezeit":"4\u00a0Minuten"},"schema":{"@context":"https:\/\/schema.org","@graph":[{"@type":"WebPage","@id":"https:\/\/rukanelio.fi\/de\/mietbedingungen\/","url":"https:\/\/rukanelio.fi\/de\/mietbedingungen\/","name":"Mietbedingungen - Rukaneli&ouml;","isPartOf":{"@id":"https:\/\/rukanelio.fi\/#website"},"datePublished":"2018-12-04T08:44:37+00:00","dateModified":"2021-02-24T18:14:12+00:00","breadcrumb":{"@id":"https:\/\/rukanelio.fi\/de\/mietbedingungen\/#breadcrumb"},"inLanguage":"de","potentialAction":[{"@type":"ReadAction","target":["https:\/\/rukanelio.fi\/de\/mietbedingungen\/"]}]},{"@type":"BreadcrumbList","@id":"https:\/\/rukanelio.fi\/de\/mietbedingungen\/#breadcrumb","itemListElement":[{"@type":"ListItem","position":1,"name":"Home","item":"https:\/\/rukanelio.fi\/de\/"},{"@type":"ListItem","position":2,"name":"Mietbedingungen"}]},{"@type":"WebSite","@id":"https:\/\/rukanelio.fi\/#website","url":"https:\/\/rukanelio.fi\/","name":"Rukaneli&ouml;","description":"M&ouml;kki rukalta","potentialAction":[{"@type":"SearchAction","target":{"@type":"EntryPoint","urlTemplate":"https:\/\/rukanelio.fi\/?s={search_term_string}"},"query-input":{"@type":"PropertyValueSpecification","valueRequired":true,"valueName":"search_term_string"}}],"inLanguage":"de"}]}},"_links":{"self":[{"href":"https:\/\/rukanelio.fi\/de\/wp-json\/wp\/v2\/pages\/947","targetHints":{"allow":["GET"]}}],"collection":[{"href":"https:\/\/rukanelio.fi\/de\/wp-json\/wp\/v2\/pages"}],"about":[{"href":"https:\/\/rukanelio.fi\/de\/wp-json\/wp\/v2\/types\/page"}],"author":[{"embeddable":true,"href":"https:\/\/rukanelio.fi\/de\/wp-json\/wp\/v2\/users\/1"}],"replies":[{"embeddable":true,"href":"https:\/\/rukanelio.fi\/de\/wp-json\/wp\/v2\/comments?post=947"}],"version-history":[{"count":4,"href":"https:\/\/rukanelio.fi\/de\/wp-json\/wp\/v2\/pages\/947\/revisions"}],"predecessor-version":[{"id":1026,"href":"https:\/\/rukanelio.fi\/de\/wp-json\/wp\/v2\/pages\/947\/revisions\/1026"}],"wp:attachment":[{"href":"https:\/\/rukanelio.fi\/de\/wp-json\/wp\/v2\/media?parent=947"}],"curies":[{"name":"wp","href":"https:\/\/api.w.org\/{rel}","templated":true}]}}