{"id":902,"date":"2018-12-03T10:42:47","date_gmt":"2018-12-03T08:42:47","guid":{"rendered":"https:\/\/rukanelio.fi\/etusivu\/"},"modified":"2021-03-09T20:31:28","modified_gmt":"2021-03-09T18:31:28","slug":"etusivu","status":"publish","type":"page","link":"https:\/\/rukanelio.fi\/de\/","title":{"rendered":"Startseite"},"content":{"rendered":"<div class=\"wpb-content-wrapper\"><p>[vc_row][vc_column][vc_empty_space][\/vc_column][\/vc_row][vc_row][vc_column width=&#8220;1\/2&#8243;][vc_column_text]<\/p>\n<h1>Miete Dein \u201dM\u00f6kki\u201d (Begriff fuer H\u00e4uschen auf Finnisch) bei Ruka, in Kuusamo!<\/h1>\n<p><strong>Erlebe die Wunder der Natur von Ruka und Kuusamo<\/strong><\/p>\n<p>Die vier Jahreszeiten unterscheiden sich in Ruka deutlich voneinander. Sie k\u00f6nnen den perfekten Winter mit Polarlichtern erleben, das Fr\u00fchjahr mit glitzerndem Schnee, die wei\u00dfen Sommern\u00e4chte (Tage der Sonnenwende, an denen die Sonne nicht unter geht) und die farbenfrohen Bl\u00e4tter im Herbst.<\/p>\n<p>RukaNeli\u00f6 bietet Ihnen das ganze Jahr \u00fcber gem\u00fctliche und hochwertige M\u00f6kki\u00b4s in einer guten Lage, n\u00e4he Pyh\u00e4vaara<\/p>\n<p>Wir beherbergen sowohl Freunde und Familien, als auch andere Gruppen.[\/vc_column_text][\/vc_column][vc_column width=&#8220;1\/2&#8243;][vc_raw_html]JTNDJTIxLS0lMjBGSU5OSVNIJTIwLS0lM0UlMEElM0NzY3JpcHQlMjBzcmMlM0QlMjJodHRwJTNBJTJGJTJGY29kZS5qcXVlcnkuY29tJTJGanF1ZXJ5LTEuMTEuMC5taW4uanMlMjIlM0UlM0MlMkZzY3JpcHQlM0UlMEElM0NzY3JpcHQlMjBzcmMlM0QlMjJodHRwJTNBJTJGJTJGYWpheC5nb29nbGVhcGlzLmNvbSUyRmFqYXglMkZsaWJzJTJGanF1ZXJ5dWklMkYxLjEwLjQlMkZqcXVlcnktdWkubWluLmpzJTIyJTNFJTNDJTJGc2NyaXB0JTNFJTBBJTNDbGluayUyMHJlbCUzRCUyMnN0eWxlc2hlZXQlMjIlMjBocmVmJTNEJTIyaHR0cCUzQSUyRiUyRmFqYXguZ29vZ2xlYXBpcy5jb20lMkZhamF4JTJGbGlicyUyRmpxdWVyeXVpJTJGMS4xMC40JTJGdGhlbWVzJTJGc21vb3RobmVzcyUyRmpxdWVyeS11aS5jc3MlMjIlMjAlMkYlM0UlMEElM0NzdHlsZSUzRSUwQWlucHV0LmJ0biUyMCU3QiUwQSUwOW1hcmdpbiUzQSUyMDIwcHglMjAwJTIwMCUyMDAlM0IlMEElMDliYWNrZ3JvdW5kJTNBJTIwJTIzMDAwJTNCJTBBJTA5Y29sb3IlM0ElMjAlMjNmZmYlM0IlMEElMDlwYWRkaW5nJTNBJTIwMTBweCUyMDAlM0IlMEElMDl0ZXh0LWFsaWduJTNBJTIwY2VudGVyJTNCJTBBJTA5d2lkdGglM0ElMjAxMDAlMjUlM0IlMEElMDl0ZXh0LXRyYW5zZm9ybSUzQSUyMHVwcGVyY2FzZSUzQiUwQSUwOWxldHRlci1zcGFjaW5nJTNBJTIwMXB4JTNCJTBBJTA5Zm9udC1zaXplJTNBJTIwMTNweCUzQiUwQSUwOWZvbnQtd2VpZ2h0JTNBJTIwYm9sZCUzQiUwQSUwOWxldHRlci1zcGFjaW5nJTNBJTIwMXB4JTNCJTBBJTA5Ym9yZGVyJTNBJTIwMCUzQiUwQSUwOXdpZHRoJTNBJTIwMTAwJTI1JTNCJTBBJTA5ZGlzcGxheSUzQSUyMGJsb2NrJTNCJTBBJTA5Y3Vyc29yJTNBJTIwcG9pbnRlciUzQiUwQSUwOXRleHQtZGVjb3JhdGlvbiUzQSUyMG5vbmUlM0IlMEElN0QlMEElMEFpbnB1dC5idG4lM0Fob3ZlciUyMCU3QiUwQSUwOWNvbG9yJTNBJTIzZmZmJTNCJTBBJTdEJTBBJTIwJTBBaW5wdXQuY2hlY2tJbnNEYXRlJTIwJTdCJTBBJTA5d2lkdGglM0ExMDAlMjUlM0IlMEElMDloZWlnaHQlM0EzNHB4JTNCJTBBJTA5YmFja2dyb3VuZC1yZXBlYXQlM0Fuby1yZXBlYXQlMkMlMjByZXBlYXQteCUzQiUwQSUwOWJhY2tncm91bmQtcG9zaXRpb24lM0E5NCUyNSUyMDUwJTI1JTNCJTBBJTA5Ym9yZGVyJTNBMXB4JTIwc29saWQlMjAlMjNhZWFlYWUlM0IlMEElMDlmb250LXNpemUlM0ExM3B4JTNCJTBBJTA5Y29sb3IlM0ElMjM1NzU3NTclM0IlMEElMDlwYWRkaW5nJTNBOHB4JTIwMTZweCUzQiUwQSUwOWRpc3BsYXklM0ElMjBibG9jayUzQiUwQSUwOWJveC1zaXppbmclM0ElMjBib3JkZXItYm94JTNCJTBBJTA5YmFja2dyb3VuZC1yZXBlYXQlM0ElMjBuby1yZXBlYXQlM0IlMEElMDliYWNrZ3JvdW5kLWltYWdlJTNBJTIwdXJsJTI4ZGF0YSUzQWltYWdlJTJGanBlZyUzQmJhc2U2NCUyQyUyRjlqJTJGNFFBWVJYaHBaZ0FBU1VrcUFBZ0FBQUFBQUFBQUFBQUFBUCUyRnNBQkZFZFdOcmVRQUJBQVFBQUFCa0FBRCUyRjRRTXRhSFIwY0RvdkwyNXpMbUZrYjJKbExtTnZiUzk0WVhBdk1TNHdMd0E4UDNod1lXTnJaWFFnWW1WbmFXNDlJdSUyQjd2eUlnYVdROUlsYzFUVEJOY0VObGFHbEllbkpsVTNwT1ZHTjZhMk01WkNJJTJGUGlBOGVEcDRiWEJ0WlhSaElIaHRiRzV6T25nOUltRmtiMkpsT201ek9tMWxkR0V2SWlCNE9uaHRjSFJyUFNKQlpHOWlaU0JZVFZBZ1EyOXlaU0ExTGpNdFl6QXhNU0EyTmk0eE5EVTJOakVzSURJd01USXZNREl2TURZdE1UUTZOVFk2TWpjZ0lDQWdJQ0FnSUNJJTJCSUR4eVpHWTZVa1JHSUhodGJHNXpPbkprWmowaWFIUjBjRG92TDNkM2R5NTNNeTV2Y21jdk1UazVPUzh3TWk4eU1pMXlaR1l0YzNsdWRHRjRMVzV6SXlJJTJCSUR4eVpHWTZSR1Z6WTNKcGNIUnBiMjRnY21SbU9tRmliM1YwUFNJaUlIaHRiRzV6T25odGNEMGlhSFIwY0RvdkwyNXpMbUZrYjJKbExtTnZiUzk0WVhBdk1TNHdMeUlnZUcxc2JuTTZlRzF3VFUwOUltaDBkSEE2THk5dWN5NWhaRzlpWlM1amIyMHZlR0Z3THpFdU1DOXRiUzhpSUhodGJHNXpPbk4wVW1WbVBTSm9kSFJ3T2k4dmJuTXVZV1J2WW1VdVkyOXRMM2hoY0M4eExqQXZjMVI1Y0dVdlVtVnpiM1Z5WTJWU1pXWWpJaUI0YlhBNlEzSmxZWFJ2Y2xSdmIydzlJa0ZrYjJKbElGQm9iM1J2YzJodmNDQkRVellnS0UxaFkybHVkRzl6YUNraUlIaHRjRTFOT2tsdWMzUmhibU5sU1VROUluaHRjQzVwYVdRNk5rVXdNVGxDUXpORk5VRkJNVEZGTkVFMVEwSkNORUkzUmtFMFF6azFPRE1pSUhodGNFMU5Pa1J2WTNWdFpXNTBTVVE5SW5odGNDNWthV1E2TmtVd01UbENRelJGTlVGQk1URkZORUUxUTBKQ05FSTNSa0UwUXprMU9ETWlQaUE4ZUcxd1RVMDZSR1Z5YVhabFpFWnliMjBnYzNSU1pXWTZhVzV6ZEdGdVkyVkpSRDBpZUcxd0xtbHBaRG8yUlRBeE9VSkRNVVUxUVVFeE1VVTBRVFZEUWtJMFFqZEdRVFJET1RVNE15SWdjM1JTWldZNlpHOWpkVzFsYm5SSlJEMGllRzF3TG1ScFpEbzJSVEF4T1VKRE1rVTFRVUV4TVVVMFFUVkRRa0kwUWpkR1FUUkRPVFU0TXlJdlBpQThMM0prWmpwRVpYTmpjbWx3ZEdsdmJqNGdQQzl5WkdZNlVrUkdQaUE4TDNnNmVHMXdiV1YwWVQ0Z1BEOTRjR0ZqYTJWMElHVnVaRDBpY2lJJTJGUHYlMkZ1QUE1QlpHOWlaUUJrd0FBQUFBSCUyRjJ3Q0VBQUVCQVFFQkFRRUJBUUVCQVFFQkFRRUJBUUVCQVFFQkFRRUJBUUVCQVFFQkFRRUJBUUVCQVFFQkFRRUNBZ0lDQWdJQ0FnSUNBZ01EQXdNREF3TURBd01CQVFFQkFRRUJBZ0VCQWdJQ0FRSUNBd01EQXdNREF3TURBd01EQXdNREF3TURBd01EQXdNREF3TURBd01EQXdNREF3TURBd01EQXdNREF3TURBd01EQSUyRiUyRkFBQkVJQUJZQUlBTUJFUUFDRVFFREVRSCUyRnhBQmxBQUFCQlFFQUFBQUFBQUFBQUFBQUFBQUVBd1VJQ1FzS0FRRUFBQUFBQUFBQUFBQUFBQUFBQUFBQUVBQUFCZ0lCQXdRQ0F3RUFBQUFBQUFBQ0F3UUZCZ2NCQ0FrUkVoVUFFeFlLSVJRaUZ4Z1pFUUVBQUFBQUFBQUFBQUFBQUFBQUFBQUElMkY5b0FEQU1CQUFJUkF4RUFQd0RxSTV0T1I2WjhXV2ljbjJqcnV1WTFaODYlMkJkUSUyQnRvcXd6SndkVVVWUVBVMUE4ZnB5QiUyRlRNWmlSNGUyMXFHMWRURUNaV2dPVTRIMENwSjZkM29NOSUyQkY4eTgxb0swSUJ5V1ZSSDBjajVJN1EyRjNza081dFp5MXB2NDZ0SFBYMjNHR21TZGE0STdISFNCdlNPRmJWT3RqenhpSU5pTjZQVk5IaFFaWEI3Y0pobUFSTSUyQlp1WTdEMlhaWEpMY3NiYjQ1eU9WTmVPaEQlMkZBS00xckVHallFbXRtdWs2aXhjaWpaMkdOUjZhUnVLUnZyMjJNU0ZuTG1EYXRlVTV6eVU4Q0NoRG5HVlF3Qm9KOEkzSTlPT1V6Uk9PYlJXVlhVV3JHZDRuOHlyV1RzTUpYTzZxS3JuV0ZGczJWTCUyQnlKWDQ1YzhzaUYwRTdmeFFxRmk4MU4yZE1xVGV2WDBFTWZ0R2VSeHg4VXg0WWFBcDYlMkZ3QiUyRmFrJTJCR05kUUhtTkpUcjhqa1g2QmpzV2xNSlZtTm9GSGJrNEpRd0daQjE3Ull6JTJCZlFFM0FWeUVodGZrOEN2bHVrNHp5ZENLWXhNeEpZVGQ1Ulo4T3cxNzFuTWFhT2xIV01jTkJLZ1lLY3hMQnFocUV1U3hwaEZsNDlzMzNBYTZjSjVCQldkeFRBYlpicFlGUWRvZmNlSVBsWENidE5MVFE3NGhwR2U5SnBNU1JZeFEzQ1VpQWEzNVNqU0NUSmNBQ2VJWmVmY0x3V0RwOVlMeWVkRGIlMkI4NFkzbXZ2OEEwUjIlMkY4NmF6Z1VGc3ByeDhqamZrREdZcFdhZXNLYWhxTzdKQVRqQm00TDZkd3M1JTJGUG9FdnRLbzJVJTJGalBqVGslMkZPa1ZUb28xdDdybkp3eHlYbU95VnNzWTluZFpDY0d0eUhWREgzOW1ZM0NXbGlHU1d0ZmNvR0ZQZ0loTFZxY3ZvTElVbjJMdU5SSzJ4dDVsUlhEM3FlemZLdFdZSEcwTFltM040dkZpU3JYZHZhTnE4T0ZqeHBRMFdPZXhTZDdrQkQlMkJWazFzaXBpdDZURFlVdnVGNE5WTldEUUZybmNPalVVOTBFVkc4UVdxRDFpSTZ2enlPT0RhcjNKNHZVU2EybmRmRXRXaTBWaXlwUTgyT1F6eFI2WUNHSXd3bHRsdzBieXBNZkZQdEY1VUpuVUpRWGVmVndUTXdlTjJjT3JDdGklMkZ3Q2hKOXpkbEpQaUxSRTV4V3RkYkdQRHJHenY2Mkc3cUdObFluNVpFaWdoSkd1WWhMMkZRRVFSSWxoNE91Y0IlMkY5ayUzRCUyOSUzQiUwQSUwOWJhY2tncm91bmQtcG9zaXRpb24lM0ElMjBsZWZ0JTIwY2VudGVyJTNCJTBBJTA5dGV4dC1pbmRlbnQlM0ElMjAxOHB4JTNCJTBBJTdEJTBBJTBBLmJvb2tpbmdXaWRnZXQlMjAuZGF0ZS10aXRsZSUyMCU3QiUwQSUwOWRpc3BsYXklM0ElMjBpbmxpbmUtYmxvY2slM0IlMEElMDltYXJnaW4lM0ElMjAxMHB4JTIwMCUyMDVweCUyMDAlM0IlMEElMDlsZXR0ZXItc3BhY2luZyUzQSUyMDFweCUzQiUwQSUwOWZvbnQtc2l6ZSUzQSUyMDEzcHglM0IlMEElMDl0ZXh0LXRyYW5zZm9ybSUzQSUyMHVwcGVyY2FzZSUzQiUwQSUwOWNvbG9yJTNBJTIwJTIzNDQ0NDQ0JTNCJTBBJTA5Zm9udC13ZWlnaHQlM0ElMjA3MDAlM0IlMEElMDl0ZXh0LWFsaWduJTNBJTIwbGVmdCUzQiUwQSU3RCUwQSUwQS5ib29raW5nV2lkZ2V0JTIwJTdCJTBBJTA5bWluLXdpZHRoJTNBJTIwMjAwcHglM0IlMEElMDlmb250JTNBJTIwNzAwJTIwMTAwJTI1JTJGMS41JTIwQXJpYWwlMkMlMjBzYW5zLXNlcmlmJTNCJTBBJTA5cGFkZGluZyUzQSUyMDIwcHglM0IlMEElMDlib3JkZXIlM0ElMjAxcHglMjBzb2xpZCUyMGJsYWNrJTNCJTBBJTA5bWF4LXdpZHRoJTNBJTIwMzAwcHglM0IlMEElN0QlMEElMEEuYm9va2luZ1dpZGdldCUyMGgyJTIwJTdCJTBBJTA5ZGlzcGxheSUzQSUyMGJsb2NrJTNCJTBBJTA5Zm9udC1zaXplJTNBJTIwMTZweCUzQiUwQSUwOXRleHQtdHJhbnNmb3JtJTNBJTIwdXBwZXJjYXNlJTNCJTBBJTA5bGV0dGVyLXNwYWNpbmclM0ElMjAxcHglM0IlMEElMDlmb250LXdlaWdodCUzQSUyMDcwMCUzQiUwQSUwOWNvbG9yJTNBJTIwJTIzMzMzMzMzJTIwJTIxaW1wb3J0YW50JTNCJTBBJTA5bWFyZ2luJTNBJTIwMCUyMDAlMjA3cHglMjAwJTNCJTBBJTA5Zm9udC1zaXplJTNBJTIwMThweCUzQiUwQSUwOW1hcmdpbi1ib3R0b20lM0ElMjAyMHB4JTNCJTBBJTdEJTBBJTBBLmRhdGUtdGl0bGUlMjAlN0IlMEElMDlkaXNwbGF5JTNBJTIwYmxvY2slM0IlMEElN0QlMEElMEEudWktd2lkZ2V0JTIwJTdCJTBBJTA5Ym9yZGVyJTNBJTIwMXB4JTIwc29saWQlMjBibGFjayUzQiUwQSUwOWZvbnQtZmFtaWx5JTNBJTIwJTI3QXJpYWwlMjclMkMlMjBzYW5zLXNlcmlmJTNCJTBBJTA5Ym9yZGVyLXJhZGl1cyUzQSUyMDAlM0IlMEElN0QlMEElMEEudWktd2lkZ2V0LWhlYWRlciUyMCU3QiUwQSUwOWJvcmRlciUzQSUyMDAlM0IlMEElMDliYWNrZ3JvdW5kJTNBJTIwd2hpdGUlM0IlMEElN0QlMEElMEEudWktc3RhdGUtZGVmYXVsdCUyMCU3QiUwQSUwOWJhY2tncm91bmQlM0ElMjB3aGl0ZSUyMCUyMWltcG9ydGFudCUzQiUwQSU3RCUwQSUwQS51aS1kYXRlcGlja2VyLXRpdGxlJTJDJTIwLnVpLWRhdGVwaWNrZXItd2Vlay1jb2wlMjAlN0IlMEElMDlmb250LXdlaWdodCUzQSUyMDUwMCUzQiUwQSU3RCUwQSUwQS51aS1zdGF0ZS1oaWdobGlnaHQlMjAlN0IlMEElMDljb2xvciUzQSUyMCUyMzk5OSUyMCUyMWltcG9ydGFudCUzQiUwQSUwOWJhY2tncm91bmQlM0ElMjAlMjNlZmVmZWYlMjAlMjFpbXBvcnRhbnQlM0IlMEElMDlib3JkZXIlM0ElMjAxcHglMjBzb2xpZCUyMCUyM2QzZDNkMyUyMCUyMWltcG9ydGFudCUzQiUwQSU3RCUwQSUwQS51aS1zdGF0ZS1oaWdobGlnaHQlMjAlN0IlMEElMDljb2xvciUzQSUyMCUyMzk5OSUyMCUyMWltcG9ydGFudCUzQiUwQSUwOWJvcmRlciUzQSUyMDFweCUyMHNvbGlkJTIwJTIzZDNkM2QzJTIwJTIxaW1wb3J0YW50JTNCJTBBJTdEJTBBJTBBLnVpLXN0YXRlLWRlZmF1bHQudWktc3RhdGUtaG92ZXIlMjAlN0IlMEElMDlib3JkZXIlM0ElMjAxcHglMjBzb2xpZCUyMCUyMzk5OSUyMCUyMWltcG9ydGFudCUzQiUwQSUwOWJhY2tncm91bmQlM0ElMjBibGFjayUyMCUyMWltcG9ydGFudCUzQiUwQSUwOWNvbG9yJTNBJTIwd2hpdGUlMjAlMjFpbXBvcnRhbnQlM0IlMEElN0QlMEElMEEudWktZGF0ZXBpY2tlci1oZWFkZXIlMjAudWktc3RhdGUtaG92ZXIlMjAlN0IlMEElMDliYWNrZ3JvdW5kJTNBJTIwd2hpdGUlMjAlMjFpbXBvcnRhbnQlM0IlMEElMDlib3JkZXItcmFkaXVzJTNBJTIwMCUyMCUyMWltcG9ydGFudCUzQiUwQSU3RCUwQSUwQS51aS1zdGF0ZS1kZWZhdWx0JTJDJTIwLnVpLXdpZGdldC1jb250ZW50JTIwLnVpLXN0YXRlLWRlZmF1bHQlMkMlMjAudWktd2lkZ2V0LWhlYWRlciUyMC51aS1zdGF0ZS1kZWZhdWx0JTIwJTdCJTBBJTA5dGV4dC1hbGlnbiUzQSUyMGNlbnRlciUzQiUwQSU3RCUwQSUwQS51aS1zdGF0ZS1kZWZhdWx0LnVpLXN0YXRlLWFjdGl2ZSUyMCU3QiUwQSUwOWJhY2tncm91bmQlM0ElMjBibGFjayUyMCUyMWltcG9ydGFudCUzQiUwQSUwOWNvbG9yJTNBJTIwd2hpdGUlMjAlMjFpbXBvcnRhbnQlM0IlMEElN0QlMEElM0MlMkZzdHlsZSUzRSUwQSUwQSUzQ3NjcmlwdCUzRSUwQSUyNCUyOGZ1bmN0aW9uJTI4JTI5JTdCJTBBJTA5dmFyJTIwZGF0ZXMlMjAlM0QlMjAlMjQlMjglMjIlMjNmcm9tJTJDJTIwJTIzdG8lMjIlMjkuZGF0ZXBpY2tlciUyOCU3QiUwQSUwOXNob3dXZWVrJTNBJTIwdHJ1ZSUyQyUwQSUwOWZpcnN0RGF5JTNBJTIwMSUyQyUwQSUwOWRhdGVGb3JtYXQlM0ElMjAlMjd5eS1tbS1kZCUyNyUyQyUwQSUwOWRheU5hbWVzTWluJTNBJTIwJTVCJTIyU3UlMjIlMkMlMjAlMjJNYSUyMiUyQyUyMCUyMlRpJTIyJTJDJTIwJTIyS2UlMjIlMkMlMjAlMjJUbyUyMiUyQyUyMCUyMlBlJTIyJTJDJTIwJTIyTGElMjIlNUQlMkMlMEElMDl3ZWVrSGVhZGVyJTNBJTIwJTIyVi4lMjIlMkMlMEElMDltb250aE5hbWVzJTNBJTIwJTVCJTIyVGFtJTIyJTJDJTIySGVsJTIyJTJDJTIyTWFhJTIyJTJDJTIySHVoJTIyJTJDJTIyVG91JTIyJTJDJTIyS2VzJTIyJTJDJTIySGVpJTIyJTJDJTIyRWxvJTIyJTJDJTIyU3l5JTIyJTJDJTIyTG9rJTIyJTJDJTIyTWFyJTIyJTJDJTIySm91JTIyJTVEJTJDJTBBJTA5b25TZWxlY3QlM0ElMjBmdW5jdGlvbiUyOHNlbGVjdGVkRGF0ZSUyOSUyMCU3QiUwQSUwOSUwOXZhciUyMG9wdGlvbiUyMCUzRCUyMHRoaXMuaWQlMjAlM0QlM0QlMjAlMjJmcm9tJTIyJTIwJTNGJTIwJTIybWluRGF0ZSUyMiUyMCUzQSUyMCUyMm1heERhdGUlMjIlMkMlMEElMDklMDlpbnN0YW5jZSUyMCUzRCUyMCUyNCUyOHRoaXMlMjkuZGF0YSUyOCUyMmRhdGVwaWNrZXIlMjIlMjklMkMlMEElMDklMDlkYXRlJTIwJTNEJTIwJTI0LmRhdGVwaWNrZXIucGFyc2VEYXRlJTI4JTBBJTA5JTA5JTA5aW5zdGFuY2Uuc2V0dGluZ3MuZGF0ZUZvcm1hdCUyMCU3QyU3QyUwQSUwOSUwOSUwOSUyNC5kYXRlcGlja2VyLl9kZWZhdWx0cy5kYXRlRm9ybWF0JTJDJTBBJTA5JTA5JTA5c2VsZWN0ZWREYXRlJTJDJTIwaW5zdGFuY2Uuc2V0dGluZ3MlMjAlMjklM0IlMEElMDklMDlkYXRlcy5ub3QlMjh0aGlzJTI5LmRhdGVwaWNrZXIlMjglMjJvcHRpb24lMjIlMkMlMjBvcHRpb24lMkMlMjBkYXRlJTI5JTNCJTBBJTA5JTdEJTBBJTA5JTdEJTI5JTNCJTBBJTdEJTI5JTNCJTBBJTBBJTNDJTJGc2NyaXB0JTNFJTBBJTBBJTNDYSUyMGhyZWYlM0QlMjJodHRwcyUzQSUyRiUyRnJ1a2FuZWxpby5qb2lrdWJvb2tpbmcuY29tJTJGZmklMjIlMjB0YXJnZXQlM0QlMjJfYmxhbmslMjIlMjBjbGFzcyUzRCUyMmJ0biUyMiUzRU1pZXRlJTIwZGVpbiUyME0lQzMlQjZra2klMjBoaWVyJTNDJTJGYSUzRQ==[\/vc_raw_html][\/vc_column][\/vc_row][vc_row full_width=&#8220;stretch_row_content&#8220; equal_height=&#8220;yes&#8220;][vc_column width=&#8220;1\/2&#8243; css=&#8220;.vc_custom_1575202657507{background-image: url(https:\/\/rukanelio.fi\/wp-content\/uploads\/2019\/10\/rukaneli\u00f6-outdoor-winter-1.jpg?id=531) !important;background-position: center !important;background-repeat: no-repeat !important;background-size: cover !important;}&#8220;][vc_raw_html]JTNDYSUyMGhyZWYlM0QlMjIlMkZydWthbmVsaW8tMyUyRiUyMiUyMGFsdCUzRCUyMlJ1a2FuZWxpJUMzJUI2JTIwMyUyMiUyMCUyMHN0eWxlJTNEJTIyaGVpZ2h0JTNBMzAwcHglM0J3aWR0aCUzQTEwMCUyNSUzQmRpc3BsYXklM0FibG9jayUyMiUzRSUyNm5ic3AlM0IlM0MlMkZhJTNF[\/vc_raw_html][\/vc_column][vc_column width=&#8220;1\/2&#8243; el_class=&#8220;bg-grey padding-40&#8243;][vc_column_text]<\/p>\n<h2>RukaNeli\u00f6 3<\/h2>\n<h4>Personen: bis 8 I Schlafzimmer: 2 I Bad mit Sauna: 1 I 100m\u00b4\u00b4 I Preis: ab 100 \u20ac pro Nacht<\/h4>\n<p>RukaNeli\u00f6 ist hervorragend ausgestattet und bietet Ihnen den sch\u00f6nsten Ausblick in die Natur. Das H\u00e4uschen bietet Platz f\u00fcr bis zu 8 Personen: es gibt 2 verschiedene Schlafzimmer und eine Galerie, mit Platz f\u00fcr 4 weitere Personen. Dieses M\u00f6kki bietet Kindern gute Spielm\u00f6glichkeiten f\u00fcr drinnen und daru\u00dfen sowohl im Winter als auch im Sommer. Sie werden die wunderbare Natur und dessen Wildnis genie\u00dfen.[\/vc_column_text][vc_btn title=&#8220;Siehe mehr&#8220; style=&#8220;outline&#8220; color=&#8220;chino&#8220; link=&#8220;url:https%3A%2F%2Frukanelio.fi%2Fde%2Frukanelio-3%2F|title:RukaNeli%C3%B6%203||&#8220;][\/vc_column][\/vc_row][vc_row full_width=&#8220;stretch_row_content&#8220; equal_height=&#8220;yes&#8220;][vc_column width=&#8220;1\/2&#8243; css=&#8220;.vc_custom_1543828102636{background-position: center !important;background-repeat: no-repeat !important;background-size: cover !important;}&#8220; el_class=&#8220;bg-grey padding-40&#8243;][vc_column_text]<\/p>\n<h2>Soukkelomukka 6<\/h2>\n<h4>Personen: bis 6 I Schlafzimmer: 3 I Bad mit Sauna: 1 I 65m2 I Preis: ab 75\u20ac pro Nacht<\/h4>\n<p>Soukkelomukka 6 ist eine, im Jahre 2006, erbaute Blockhaush\u00e4lfte mit insgesamt 3 Schlafzimmern. 2 Schlafzimmer befinden sich in der 2. Etage und eins im Erdgeschoss.<\/p>\n<p>Alle Schlafzimmer sind voneinander getrennt und beinhalten je zwei Einzelbetten, die auch gern zusammengeschoben werden k\u00f6nnen. Zus\u00e4tzlich befinden sich in der 2. Etage R\u00e4umlichkeiten mit eigenem TV.[\/vc_column_text][vc_btn title=&#8220;Siehe mehr&#8220; style=&#8220;outline&#8220; color=&#8220;chino&#8220; link=&#8220;url:https%3A%2F%2Frukanelio.fi%2Fde%2Fsoukkelomukka-6%2F|title:Soukkelomukka%206||&#8220;][\/vc_column][vc_column width=&#8220;1\/2&#8243; css=&#8220;.vc_custom_1565108491714{background-image: url(https:\/\/rukanelio.fi\/wp-content\/uploads\/2019\/03\/soukkelomukka_mokki_rukalta-1.jpg?id=317) !important;background-position: center !important;background-repeat: no-repeat !important;background-size: cover !important;}&#8220;][vc_raw_html]JTNDYSUyMGhyZWYlM0QlMjIlMkZzb3Vra2Vsb211a2thLTYlMkYlMjIlMjAlMjBhbHQlM0QlMjJTb3Vra2Vsb211dGthJTIwNiUyMiUyMHN0eWxlJTNEJTIyaGVpZ2h0JTNBMzAwcHglM0J3aWR0aCUzQTEwMCUyNSUzQmRpc3BsYXklM0FibG9jayUyMiUzRSUyNm5ic3AlM0IlM0MlMkZhJTNF[\/vc_raw_html][\/vc_column][\/vc_row][vc_row full_width=&#8220;stretch_row_content&#8220;][vc_column el_class=&#8220;map&#8220;][vc_raw_html]JTVCd3BnbXphJTIwaWQlM0QlMjI2JTIyJTVE[\/vc_raw_html][\/vc_column][\/vc_row][vc_row][vc_column width=&#8220;1\/3&#8243;][vc_btn title=&#8220;Siehe Wetter&#8220; style=&#8220;outline&#8220; align=&#8220;center&#8220; el_class=&#8220;ruka4-button&#8220; link=&#8220;url:https%3A%2F%2Fwww.foreca.fi%2FFinland%2FKuusamo%2FRuka||target:%20_blank|&#8220;][\/vc_column][vc_column width=&#8220;1\/3&#8243;][vc_btn title=&#8220;Seihe Skiloipenkarte&#8220; style=&#8220;outline&#8220; align=&#8220;center&#8220; el_class=&#8220;ruka4-button&#8220; link=&#8220;url:https%3A%2F%2Fladulle.fi%2Fladut%2Fruka||target:%20_blank|&#8220;][\/vc_column][vc_column width=&#8220;1\/3&#8243;][vc_btn title=&#8220;Siehe Schneemobil Routen&#8220; style=&#8220;outline&#8220; align=&#8220;center&#8220; el_class=&#8220;ruka4-button&#8220; link=&#8220;url:https%3A%2F%2Fkuusamo.fluentprogress.fi%2Foutdoors||target:%20_blank|&#8220;][\/vc_column][\/vc_row][vc_row full_width=&#8220;stretch_row_content&#8220; el_class=&#8220;bg-brown text-white padding-40&#8243;][vc_column][vc_column_text el_class=&#8220;text-white&#8220;]<\/p>\n<h2 style=\"text-align: center;\">Was bietet Ruka!<\/h2>\n<p>[\/vc_column_text][vc_row_inner][vc_column_inner width=&#8220;1\/2&#8243;][vc_column_text]<\/p>\n<h4>Winter<\/h4>\n<p>Vor allem im Winter bietet Ruka viele Aktivit\u00e4ten f\u00fcr jeden Geschmack. Zu den K\u00f6nigsdisziplinen z\u00e4hlen Skiabfahrt und Skilanglauf. Aber auch Schneemobilfahrten, Schlittschuhlaufen auf Natureis, Reiten, Eiswandklettern und Rentier- und Huskysafaries sind ein Erlebnis wert.[\/vc_column_text][\/vc_column_inner][vc_column_inner width=&#8220;1\/2&#8243;][vc_column_text]<\/p>\n<h4>Sommer<\/h4>\n<p>Im Sommer bietet Ruka zahlreiche M\u00f6glichkeiten zum Wandern, Reiten, Mountainbiken \/ Fahrradfahren, Rafting und Kanufahren. Auch das Angeln\/Fischen in den fischreichen Seen und Fl\u00fcssen muss hier unbedingt erw\u00e4hnt werden. Spa\u00df und Spannung bietet Ihnen die Rodelbahn nahe des Dorfes Ruka.[\/vc_column_text][\/vc_column_inner][\/vc_row_inner][vc_row_inner][vc_column_inner width=&#8220;1\/2&#8243;][vc_column_text]<\/p>\n<h4>Fruehjahr<\/h4>\n<p>Im Fr\u00fchjahr erwacht die Natur aus ihrem Winterschlaf. Erleben Sie den glitzernden Schnee bei Ihren Wanderungen.[\/vc_column_text][\/vc_column_inner][vc_column_inner width=&#8220;1\/2&#8243;][vc_column_text]<\/p>\n<h4>Herbst\/Laubf\u00e4rbung<\/h4>\n<p>Im Herbst zeigt Ruka mit seiner Laubf\u00e4rbung eine enorme Farbenpracht in allen m\u00f6glichen Gelb-, Gr\u00fcn- und Rott\u00f6nen. Nach dem Beerenpfl\u00fccken k\u00f6nnen Sie in ihrem RukaNeli\u00f6 bei einem gem\u00fctlichen Kaminfeuer entspannen.[\/vc_column_text][\/vc_column_inner][\/vc_row_inner][\/vc_column][\/vc_row]<\/p>\n<\/div>","protected":false},"excerpt":{"rendered":"<p>[vc_row][vc_column][vc_empty_space][\/vc_column][\/vc_row][vc_row][vc_column width=&#8220;1\/2&#8243;][vc_column_text] Miete Dein \u201dM\u00f6kki\u201d (Begriff fuer H\u00e4uschen auf Finnisch) bei Ruka, in Kuusamo! Erlebe die Wunder der Natur von Ruka und Kuusamo Die vier Jahreszeiten<span class=\"excerpt-hellip\"> [\u2026]<\/span><\/p>\n","protected":false},"author":1,"featured_media":0,"parent":0,"menu_order":0,"comment_status":"closed","ping_status":"closed","template":"","meta":{"_monsterinsights_skip_tracking":false,"_monsterinsights_sitenote_active":false,"_monsterinsights_sitenote_note":"","_monsterinsights_sitenote_category":0,"footnotes":""},"class_list":["post-902","page","type-page","status-publish","hentry"],"yoast_head":"<!-- This site is optimized with the Yoast SEO plugin v27.5 - https:\/\/yoast.com\/product\/yoast-seo-wordpress\/ -->\n<title>Rukaneli\u00f6 | Vuokraa m\u00f6kki Rukalta | Rukaneli\u00f6 3 &amp; Soukkelomukka 6<\/title>\n<meta name=\"description\" content=\"RukaNeli\u00f6 3 Rukaj\u00e4rven alueella, upein Pyh\u00e4vaaran maisemin ja hyv\u00e4ll\u00e4 maulla sisustettu rauhoittava ja nautinnollinen vuonna 2010 valmistunut erillism\u00f6kki Kaartovaaran laella. Matkaa l\u00e4himm\u00e4lle rinteelle on noin 7 kilometri\u00e4 ja Rukan keskusaukiolle 8 kilometri\u00e4. Matkan varrelta l\u00f6ytyy my\u00f6s Golf-rata sek\u00e4 kalaisia Pyh\u00e4j\u00e4rvi.\" \/>\n<meta name=\"robots\" content=\"index, follow, max-snippet:-1, max-image-preview:large, max-video-preview:-1\" \/>\n<link rel=\"canonical\" href=\"https:\/\/rukanelio.fi\/de\/\" \/>\n<meta property=\"og:locale\" content=\"de_DE\" \/>\n<meta property=\"og:type\" content=\"article\" \/>\n<meta property=\"og:title\" content=\"Rukaneli\u00f6 | Vuokraa m\u00f6kki Rukalta | Rukaneli\u00f6 3 &amp; Soukkelomukka 6\" \/>\n<meta property=\"og:description\" content=\"RukaNeli\u00f6 3 Rukaj\u00e4rven alueella, upein Pyh\u00e4vaaran maisemin ja hyv\u00e4ll\u00e4 maulla sisustettu rauhoittava ja nautinnollinen vuonna 2010 valmistunut erillism\u00f6kki Kaartovaaran laella. Matkaa l\u00e4himm\u00e4lle rinteelle on noin 7 kilometri\u00e4 ja Rukan keskusaukiolle 8 kilometri\u00e4. Matkan varrelta l\u00f6ytyy my\u00f6s Golf-rata sek\u00e4 kalaisia Pyh\u00e4j\u00e4rvi.\" \/>\n<meta property=\"og:url\" content=\"https:\/\/rukanelio.fi\/de\/\" \/>\n<meta property=\"og:site_name\" content=\"Rukaneli&ouml;\" \/>\n<meta property=\"article:modified_time\" content=\"2021-03-09T18:31:28+00:00\" \/>\n<meta name=\"twitter:card\" content=\"summary_large_image\" \/>\n<meta name=\"twitter:label1\" content=\"Gesch\u00e4tzte Lesezeit\" \/>\n\t<meta name=\"twitter:data1\" content=\"3\u00a0Minuten\" \/>\n<script type=\"application\/ld+json\" class=\"yoast-schema-graph\">{\"@context\":\"https:\\\/\\\/schema.org\",\"@graph\":[{\"@type\":\"WebPage\",\"@id\":\"https:\\\/\\\/rukanelio.fi\\\/de\\\/\",\"url\":\"https:\\\/\\\/rukanelio.fi\\\/de\\\/\",\"name\":\"Rukaneli\u00f6 | Vuokraa m\u00f6kki Rukalta | Rukaneli\u00f6 3 & Soukkelomukka 6\",\"isPartOf\":{\"@id\":\"https:\\\/\\\/rukanelio.fi\\\/#website\"},\"datePublished\":\"2018-12-03T08:42:47+00:00\",\"dateModified\":\"2021-03-09T18:31:28+00:00\",\"description\":\"RukaNeli\u00f6 3 Rukaj\u00e4rven alueella, upein Pyh\u00e4vaaran maisemin ja hyv\u00e4ll\u00e4 maulla sisustettu rauhoittava ja nautinnollinen vuonna 2010 valmistunut erillism\u00f6kki Kaartovaaran laella. Matkaa l\u00e4himm\u00e4lle rinteelle on noin 7 kilometri\u00e4 ja Rukan keskusaukiolle 8 kilometri\u00e4. Matkan varrelta l\u00f6ytyy my\u00f6s Golf-rata sek\u00e4 kalaisia Pyh\u00e4j\u00e4rvi.\",\"breadcrumb\":{\"@id\":\"https:\\\/\\\/rukanelio.fi\\\/de\\\/#breadcrumb\"},\"inLanguage\":\"de\",\"potentialAction\":[{\"@type\":\"ReadAction\",\"target\":[\"https:\\\/\\\/rukanelio.fi\\\/de\\\/\"]}]},{\"@type\":\"BreadcrumbList\",\"@id\":\"https:\\\/\\\/rukanelio.fi\\\/de\\\/#breadcrumb\",\"itemListElement\":[{\"@type\":\"ListItem\",\"position\":1,\"name\":\"Home\",\"item\":\"https:\\\/\\\/rukanelio.fi\\\/de\\\/\"},{\"@type\":\"ListItem\",\"position\":2,\"name\":\"Startseite\"}]},{\"@type\":\"WebSite\",\"@id\":\"https:\\\/\\\/rukanelio.fi\\\/#website\",\"url\":\"https:\\\/\\\/rukanelio.fi\\\/\",\"name\":\"Rukaneli&ouml;\",\"description\":\"M&ouml;kki rukalta\",\"potentialAction\":[{\"@type\":\"SearchAction\",\"target\":{\"@type\":\"EntryPoint\",\"urlTemplate\":\"https:\\\/\\\/rukanelio.fi\\\/?s={search_term_string}\"},\"query-input\":{\"@type\":\"PropertyValueSpecification\",\"valueRequired\":true,\"valueName\":\"search_term_string\"}}],\"inLanguage\":\"de\"}]}<\/script>\n<!-- \/ Yoast SEO plugin. -->","yoast_head_json":{"title":"Rukaneli\u00f6 | Vuokraa m\u00f6kki Rukalta | Rukaneli\u00f6 3 & Soukkelomukka 6","description":"RukaNeli\u00f6 3 Rukaj\u00e4rven alueella, upein Pyh\u00e4vaaran maisemin ja hyv\u00e4ll\u00e4 maulla sisustettu rauhoittava ja nautinnollinen vuonna 2010 valmistunut erillism\u00f6kki Kaartovaaran laella. Matkaa l\u00e4himm\u00e4lle rinteelle on noin 7 kilometri\u00e4 ja Rukan keskusaukiolle 8 kilometri\u00e4. Matkan varrelta l\u00f6ytyy my\u00f6s Golf-rata sek\u00e4 kalaisia Pyh\u00e4j\u00e4rvi.","robots":{"index":"index","follow":"follow","max-snippet":"max-snippet:-1","max-image-preview":"max-image-preview:large","max-video-preview":"max-video-preview:-1"},"canonical":"https:\/\/rukanelio.fi\/de\/","og_locale":"de_DE","og_type":"article","og_title":"Rukaneli\u00f6 | Vuokraa m\u00f6kki Rukalta | Rukaneli\u00f6 3 & Soukkelomukka 6","og_description":"RukaNeli\u00f6 3 Rukaj\u00e4rven alueella, upein Pyh\u00e4vaaran maisemin ja hyv\u00e4ll\u00e4 maulla sisustettu rauhoittava ja nautinnollinen vuonna 2010 valmistunut erillism\u00f6kki Kaartovaaran laella. Matkaa l\u00e4himm\u00e4lle rinteelle on noin 7 kilometri\u00e4 ja Rukan keskusaukiolle 8 kilometri\u00e4. Matkan varrelta l\u00f6ytyy my\u00f6s Golf-rata sek\u00e4 kalaisia Pyh\u00e4j\u00e4rvi.","og_url":"https:\/\/rukanelio.fi\/de\/","og_site_name":"Rukaneli&ouml;","article_modified_time":"2021-03-09T18:31:28+00:00","twitter_card":"summary_large_image","twitter_misc":{"Gesch\u00e4tzte Lesezeit":"3\u00a0Minuten"},"schema":{"@context":"https:\/\/schema.org","@graph":[{"@type":"WebPage","@id":"https:\/\/rukanelio.fi\/de\/","url":"https:\/\/rukanelio.fi\/de\/","name":"Rukaneli\u00f6 | Vuokraa m\u00f6kki Rukalta | Rukaneli\u00f6 3 & Soukkelomukka 6","isPartOf":{"@id":"https:\/\/rukanelio.fi\/#website"},"datePublished":"2018-12-03T08:42:47+00:00","dateModified":"2021-03-09T18:31:28+00:00","description":"RukaNeli\u00f6 3 Rukaj\u00e4rven alueella, upein Pyh\u00e4vaaran maisemin ja hyv\u00e4ll\u00e4 maulla sisustettu rauhoittava ja nautinnollinen vuonna 2010 valmistunut erillism\u00f6kki Kaartovaaran laella. Matkaa l\u00e4himm\u00e4lle rinteelle on noin 7 kilometri\u00e4 ja Rukan keskusaukiolle 8 kilometri\u00e4. Matkan varrelta l\u00f6ytyy my\u00f6s Golf-rata sek\u00e4 kalaisia Pyh\u00e4j\u00e4rvi.","breadcrumb":{"@id":"https:\/\/rukanelio.fi\/de\/#breadcrumb"},"inLanguage":"de","potentialAction":[{"@type":"ReadAction","target":["https:\/\/rukanelio.fi\/de\/"]}]},{"@type":"BreadcrumbList","@id":"https:\/\/rukanelio.fi\/de\/#breadcrumb","itemListElement":[{"@type":"ListItem","position":1,"name":"Home","item":"https:\/\/rukanelio.fi\/de\/"},{"@type":"ListItem","position":2,"name":"Startseite"}]},{"@type":"WebSite","@id":"https:\/\/rukanelio.fi\/#website","url":"https:\/\/rukanelio.fi\/","name":"Rukaneli&ouml;","description":"M&ouml;kki rukalta","potentialAction":[{"@type":"SearchAction","target":{"@type":"EntryPoint","urlTemplate":"https:\/\/rukanelio.fi\/?s={search_term_string}"},"query-input":{"@type":"PropertyValueSpecification","valueRequired":true,"valueName":"search_term_string"}}],"inLanguage":"de"}]}},"_links":{"self":[{"href":"https:\/\/rukanelio.fi\/de\/wp-json\/wp\/v2\/pages\/902","targetHints":{"allow":["GET"]}}],"collection":[{"href":"https:\/\/rukanelio.fi\/de\/wp-json\/wp\/v2\/pages"}],"about":[{"href":"https:\/\/rukanelio.fi\/de\/wp-json\/wp\/v2\/types\/page"}],"author":[{"embeddable":true,"href":"https:\/\/rukanelio.fi\/de\/wp-json\/wp\/v2\/users\/1"}],"replies":[{"embeddable":true,"href":"https:\/\/rukanelio.fi\/de\/wp-json\/wp\/v2\/comments?post=902"}],"version-history":[{"count":5,"href":"https:\/\/rukanelio.fi\/de\/wp-json\/wp\/v2\/pages\/902\/revisions"}],"predecessor-version":[{"id":1031,"href":"https:\/\/rukanelio.fi\/de\/wp-json\/wp\/v2\/pages\/902\/revisions\/1031"}],"wp:attachment":[{"href":"https:\/\/rukanelio.fi\/de\/wp-json\/wp\/v2\/media?parent=902"}],"curies":[{"name":"wp","href":"https:\/\/api.w.org\/{rel}","templated":true}]}}